{"id":255,"date":"2020-11-22T08:51:53","date_gmt":"2020-11-22T13:51:53","guid":{"rendered":"http:\/\/test.bioconvertin.com\/?page_id=255"},"modified":"2022-04-03T14:31:10","modified_gmt":"2022-04-03T19:31:10","slug":"solution","status":"publish","type":"page","link":"https:\/\/www.bioconvertin.com\/?page_id=255","title":{"rendered":"Solution"},"content":{"rendered":"\n<p><\/p>\n\n\n\n<div class=\"wp-block-columns is-layout-flex wp-container-core-columns-is-layout-9d6595d7 wp-block-columns-is-layout-flex\">\n<div class=\"wp-block-column is-layout-flow wp-block-column-is-layout-flow\" style=\"flex-basis:33.33%\">\n<figure class=\"wp-block-image alignwide size-full\"><img loading=\"lazy\" decoding=\"async\" width=\"374\" height=\"537\" src=\"http:\/\/test.bioconvertin.com\/wp-content\/uploads\/2020\/09\/eauuse.png\" alt=\"\" class=\"wp-image-83\" srcset=\"https:\/\/www.bioconvertin.com\/wp-content\/uploads\/2020\/09\/eauuse.png 374w, https:\/\/www.bioconvertin.com\/wp-content\/uploads\/2020\/09\/eauuse-209x300.png 209w\" sizes=\"auto, (max-width: 374px) 100vw, 374px\" \/><\/figure>\n<\/div>\n\n\n\n<div class=\"wp-block-column is-layout-flow wp-block-column-is-layout-flow\" style=\"flex-basis:66.66%\">\n<h3 class=\"wp-block-heading\"><strong>Contexte<\/strong><\/h3>\n\n\n\n<p>Les r\u00e9sidus organiques sont en augmentation constante et ils sont peu recycl\u00e9s ce qui provoque des dommages environnementaux consid\u00e9rables. Ce probl\u00e8me est associ\u00e9 \u00e0 l&rsquo;accroissement exponentiel de la population humaine et aux habitudes de consommation qui favorisent la consommation de prot\u00e9ines animales. Ces r\u00e9sidus produisent une grande quantit\u00e9 de gaz \u00e0 effet de serre et d\u2019eaux pollu\u00e9es, lesquels contaminent les sols, l&rsquo;eau et l&rsquo;air. Un des principaux d\u00e9fis du 21\u00e8me si\u00e8cle est la recherche d&rsquo;une solution pour la gestion durable de ces r\u00e9sidus organiques, sp\u00e9cialement dans des environnements urbains et dans le cadre agro-industriel.<\/p>\n\n\n\n<p>L&rsquo;augmentation de la production animale pour la consommation humaine, a produit un accroissement exponentiel de la production de d\u00e9chets organiques. En analysant seulement le march\u00e9 avicole p\u00e9ruvien, il est produit plus d&rsquo;un million de tonnes de r\u00e9sidus organiques peu ou pas recycl\u00e9s, qui pourraient \u00eatre valoris\u00e9s \u00e9conomiquement.<\/p>\n\n\n\n<p>Pour assurer l&rsquo;augmentation de 50% des prot\u00e9ines n\u00e9cessaires pour approvisionner le march\u00e9 d&rsquo;aliments pour les animaux de ferme, on ne peut pas compter seulement sur les productions actuelles. Dans le cas de la production de soja, le principal probl\u00e8me est la d\u00e9forestation de grands territoires pour sa culture ; tandis que pour la production de farines de poisson, le principal obstacle est la p\u00e9nurie d\u2019anchois d\u00fb \u00e0 la surexploitation de la ressource halieutique.<\/p>\n<\/div>\n<\/div>\n\n\n\n<hr class=\"wp-block-separator is-style-default line-solution\"\/>\n\n\n\n<h3 class=\"wp-block-heading\"><strong>L&rsquo;origine du projet<\/strong><\/h3>\n\n\n\n<p>\u200bEn 2015, les membres de Bioconvertin en association avec les laboratoires de l&rsquo;Universit\u00e9 p\u00e9ruvienne Cayetano Heredia et de l&rsquo;Institut de Recherche pour le D\u00e9veloppement (IRD) de France ont eu le projet de transformer les recherches pr\u00e9alables en une entreprise qui am\u00e9liore la qualit\u00e9 de la vie, cr\u00e9atrice d&#8217;emplois et utile pour le bien-\u00eatre de la soci\u00e9t\u00e9. Les industries agricoles \u00e9liminent des tonnes de d\u00e9chets organiques qui pourraient \u00eatre utilis\u00e9es pour les transformer en produits de haute valeur nutritive et \u00e9conomique en utilisant des larves d&rsquo;insectes.&nbsp;Bioconvertin a pour objectif principal de recycler des r\u00e9sidus organiques \u00e0 travers un processus biotechnologique peu consommateur en eau. Il vise \u00e0 produire une farine \u00e0 base de larves de ces m\u00eames insectes pour remplacer partiellement l&rsquo;apport prot\u00e9ique et lipidique des farines de soja et de poisson utilis\u00e9es dans l&rsquo;alimentation d&rsquo;animaux de ferme et dans l&rsquo;aquaculture.<\/p>\n\n\n\n<hr class=\"wp-block-separator has-text-color has-background is-style-default\" style=\"background-color:#bccabc;color:#bccabc\"\/>\n\n\n\n<div class=\"wp-block-columns is-layout-flex wp-container-core-columns-is-layout-9d6595d7 wp-block-columns-is-layout-flex\">\n<div class=\"wp-block-column is-layout-flow wp-block-column-is-layout-flow\" style=\"flex-basis:33.4%\">\n\n\n<figure class=\"wp-block-image\"><img loading=\"lazy\" decoding=\"async\" width=\"1024\" height=\"907\" src=\"https:\/\/www.bioconvertin.com\/wp-content\/uploads\/2020\/09\/Cycle_fr-1024x907.png\" alt=\"\" class=\"wp-image-79\" srcset=\"https:\/\/www.bioconvertin.com\/wp-content\/uploads\/2020\/09\/Cycle_fr-1024x907.png 1024w, https:\/\/www.bioconvertin.com\/wp-content\/uploads\/2020\/09\/Cycle_fr-300x266.png 300w, https:\/\/www.bioconvertin.com\/wp-content\/uploads\/2020\/09\/Cycle_fr-768x680.png 768w, https:\/\/www.bioconvertin.com\/wp-content\/uploads\/2020\/09\/Cycle_fr.png 1065w\" sizes=\"auto, (max-width: 1024px) 100vw, 1024px\" \/><\/figure>\n<\/div>\n\n\n\n<div class=\"wp-block-column is-layout-flow wp-block-column-is-layout-flow\">\n<h3 class=\"wp-block-heading\"><strong>La Solution<\/strong><\/h3>\n\n\n\n<p>Bioconvertin utilise des larves d&rsquo;une mouche tropicale p\u00e9ruvienne avec une haute productivit\u00e9 &#8211; en 14 jours la larve augmente son poids jusqu&rsquo;\u00e0 5000 fois &#8211; Elle poss\u00e8de la capacit\u00e9 de se nourrir de diff\u00e9rents d\u00e9chets organiques \u00e9limin\u00e9s par les agro-industries. Ces larves sont transform\u00e9es post\u00e9rieurement en aliment pour animaux (farine de larve) qui remplaceront progressivement les farines de soja et poisson dans l&rsquo;alimentation des animaux de ferme et dans l&rsquo;aquaculture.<\/p>\n\n\n\n<p>\u200bCette technologie a \u00e9t\u00e9 d\u00e9velopp\u00e9e par l&rsquo;Institut de Recherche pour D\u00e9veloppement (IRD, France), dont les laboratoires se trouvent dans les installations de l&rsquo;Universit\u00e9 p\u00e9ruvienne Cayetano Heredia. Apr\u00e8s 2 ann\u00e9es d&rsquo;un labeur intense, il a \u00e9t\u00e9 con\u00e7u un pilote optimis\u00e9 de production de cette mouche qui permettra d&rsquo;atteindre l&rsquo;objectif final du projet : le passage \u00e0 une production industrielle de farine de larves.<\/p>\n<\/div>\n<\/div>\n\n\n\n<hr class=\"wp-block-separator is-style-default\"\/>\n\n\n\n<div class=\"wp-block-columns is-layout-flex wp-container-core-columns-is-layout-9d6595d7 wp-block-columns-is-layout-flex\">\n<div class=\"wp-block-column is-layout-flow wp-block-column-is-layout-flow\">\n<h3 class=\"wp-block-heading\"><strong>Avantages<\/strong><\/h3>\n\n\n\n<ul class=\"wp-block-list\"><li>Production d&rsquo;une farine riche en prot\u00e9ines, lipides, sels min\u00e9raux et probiotiques.&nbsp;&nbsp;<\/li><li>Recyclage des d\u00e9chets organiques avec une faible consommation en eau.<\/li><li>Ce proc\u00e9d\u00e9 ne contamine pas.<\/li><li>Il ne diminue pas les ressources naturelles.<\/li><\/ul>\n<\/div>\n\n\n\n<div class=\"wp-block-column is-layout-flow wp-block-column-is-layout-flow\">\n<div class=\"wp-block-image\"><figure class=\"aligncenter size-large is-resized\"><img loading=\"lazy\" decoding=\"async\" src=\"http:\/\/test.bioconvertin.com\/wp-content\/uploads\/2020\/11\/CycleRV2.png\" alt=\"\" class=\"wp-image-295\" width=\"600\" height=\"260\" style=\"align: center\" srcset=\"https:\/\/www.bioconvertin.com\/wp-content\/uploads\/2020\/11\/CycleRV2.png 774w, https:\/\/www.bioconvertin.com\/wp-content\/uploads\/2020\/11\/CycleRV2-300x131.png 300w, https:\/\/www.bioconvertin.com\/wp-content\/uploads\/2020\/11\/CycleRV2-768x334.png 768w\" sizes=\"auto, (max-width: 600px) 100vw, 600px\" \/><\/figure><\/div>\n<\/div>\n<\/div>\n\n\n\n<hr class=\"wp-block-separator is-style-default\"\/>\n\n\n\n<div class=\"wp-block-columns is-layout-flex wp-container-core-columns-is-layout-9d6595d7 wp-block-columns-is-layout-flex\">\n<div class=\"wp-block-column is-layout-flow wp-block-column-is-layout-flow\" style=\"flex-basis:40%\">\n<figure class=\"wp-block-image size-large is-resized\"><img loading=\"lazy\" decoding=\"async\" src=\"http:\/\/test.bioconvertin.com\/wp-content\/uploads\/2020\/11\/Verre.jpg\" alt=\"\" class=\"wp-image-307\" width=\"440\" height=\"499\" srcset=\"https:\/\/www.bioconvertin.com\/wp-content\/uploads\/2020\/11\/Verre.jpg 370w, https:\/\/www.bioconvertin.com\/wp-content\/uploads\/2020\/11\/Verre-264x300.jpg 264w\" sizes=\"auto, (max-width: 440px) 100vw, 440px\" \/><\/figure>\n<\/div>\n\n\n\n<div class=\"wp-block-column is-layout-flow wp-block-column-is-layout-flow\" style=\"flex-basis:66.66%\">\n<h4 class=\"wp-block-heading\"><strong>Pourquoi utiliser des insectes dans la production de farine ?<\/strong><\/h4>\n\n\n\n<ul class=\"wp-block-list\" id=\"Text5\"><li>Le cycle biologique court de l\u2019insecte fait que la production est efficace et viable.<\/li><li>Il d\u00e9montre une tr\u00e8s grande capacit\u00e9 de bioconversion de r\u00e9sidus organiques qui sont transform\u00e9s en une importante biomasse larvaire ; en contribuant \u00e0 une diminution notable de la pollution gr\u00e2ce au recyclage des d\u00e9chets des restaurants, march\u00e9s, supermarch\u00e9s et usines de l\u2019industrie alimentaire.<\/li><li>Le m\u00e9tabolisme des insectes produit des compos\u00e9s de haute valeur ajout\u00e9e poss\u00e9dant une qualit\u00e9 nutritionnelle \u00e9quivalente \u00e0 celles des farines de soja et de poisson.<\/li><li>Le proc\u00e9d\u00e9 s\u2019int\u00e8gre parfaitement dans le syst\u00e8me d\u2019\u00e9levage.<\/li><li>Cet insecte ne transmet pas de maladie.<\/li><li>Il est source de micro-organismes b\u00e9n\u00e9fiques pour les animaux qui l&rsquo;ing\u00e8rent.<\/li><\/ul>\n<\/div>\n<\/div>\n\n\n\n<p><\/p>\n","protected":false},"excerpt":{"rendered":"<p>Contexte Les r\u00e9sidus organiques sont en augmentation constante et ils sont peu recycl\u00e9s ce qui provoque des dommages environnementaux consid\u00e9rables. Ce probl\u00e8me est associ\u00e9 \u00e0 l&rsquo;accroissement exponentiel de la population humaine et aux habitudes de consommation qui favorisent la consommation de prot\u00e9ines animales. Ces r\u00e9sidus produisent une grande quantit\u00e9 de gaz \u00e0 effet de serre &hellip;<\/p>\n<p class=\"read-more\"> <a class=\"\" href=\"https:\/\/www.bioconvertin.com\/?page_id=255\"> <span class=\"screen-reader-text\">Solution<\/span> Lire la suite\u00a0\u00bb<\/a><\/p>\n","protected":false},"author":1,"featured_media":0,"parent":0,"menu_order":0,"comment_status":"closed","ping_status":"closed","template":"","meta":{"site-sidebar-layout":"default","site-content-layout":"default","ast-main-header-display":"","ast-hfb-above-header-display":"","ast-hfb-below-header-display":"","ast-hfb-mobile-header-display":"","site-post-title":"","ast-breadcrumbs-content":"","ast-featured-img":"","footer-sml-layout":"","theme-transparent-header-meta":"default","adv-header-id-meta":"","stick-header-meta":"","header-above-stick-meta":"","header-main-stick-meta":"","header-below-stick-meta":"","footnotes":""},"class_list":["post-255","page","type-page","status-publish","hentry"],"yoast_head":"<!-- This site is optimized with the Yoast SEO plugin v27.5 - https:\/\/yoast.com\/product\/yoast-seo-wordpress\/ -->\n<title>Solution - Bioconvertin<\/title>\n<meta name=\"robots\" content=\"index, follow, max-snippet:-1, max-image-preview:large, max-video-preview:-1\" \/>\n<link rel=\"canonical\" href=\"https:\/\/www.bioconvertin.com\/?page_id=255\" \/>\n<meta property=\"og:locale\" content=\"fr_FR\" \/>\n<meta property=\"og:type\" content=\"article\" \/>\n<meta property=\"og:title\" content=\"Solution - Bioconvertin\" \/>\n<meta property=\"og:description\" content=\"Contexte Les r\u00e9sidus organiques sont en augmentation constante et ils sont peu recycl\u00e9s ce qui provoque des dommages environnementaux consid\u00e9rables. Ce probl\u00e8me est associ\u00e9 \u00e0 l&rsquo;accroissement exponentiel de la population humaine et aux habitudes de consommation qui favorisent la consommation de prot\u00e9ines animales. Ces r\u00e9sidus produisent une grande quantit\u00e9 de gaz \u00e0 effet de serre &hellip; Solution Lire la suite\u00a0\u00bb\" \/>\n<meta property=\"og:url\" content=\"https:\/\/www.bioconvertin.com\/?page_id=255\" \/>\n<meta property=\"og:site_name\" content=\"Bioconvertin\" \/>\n<meta property=\"article:modified_time\" content=\"2022-04-03T19:31:10+00:00\" \/>\n<meta property=\"og:image\" content=\"http:\/\/test.bioconvertin.com\/wp-content\/uploads\/2020\/09\/eauuse.png\" \/>\n<meta name=\"twitter:card\" content=\"summary_large_image\" \/>\n<meta name=\"twitter:label1\" content=\"Dur\u00e9e de lecture estim\u00e9e\" \/>\n\t<meta name=\"twitter:data1\" content=\"5 minutes\" \/>\n<script type=\"application\/ld+json\" class=\"yoast-schema-graph\">{\"@context\":\"https:\\\/\\\/schema.org\",\"@graph\":[{\"@type\":\"WebPage\",\"@id\":\"https:\\\/\\\/www.bioconvertin.com\\\/?page_id=255\",\"url\":\"https:\\\/\\\/www.bioconvertin.com\\\/?page_id=255\",\"name\":\"Solution - Bioconvertin\",\"isPartOf\":{\"@id\":\"https:\\\/\\\/www.bioconvertin.com\\\/#website\"},\"primaryImageOfPage\":{\"@id\":\"https:\\\/\\\/www.bioconvertin.com\\\/?page_id=255#primaryimage\"},\"image\":{\"@id\":\"https:\\\/\\\/www.bioconvertin.com\\\/?page_id=255#primaryimage\"},\"thumbnailUrl\":\"http:\\\/\\\/test.bioconvertin.com\\\/wp-content\\\/uploads\\\/2020\\\/09\\\/eauuse.png\",\"datePublished\":\"2020-11-22T13:51:53+00:00\",\"dateModified\":\"2022-04-03T19:31:10+00:00\",\"breadcrumb\":{\"@id\":\"https:\\\/\\\/www.bioconvertin.com\\\/?page_id=255#breadcrumb\"},\"inLanguage\":\"fr-FR\",\"potentialAction\":[{\"@type\":\"ReadAction\",\"target\":[\"https:\\\/\\\/www.bioconvertin.com\\\/?page_id=255\"]}]},{\"@type\":\"ImageObject\",\"inLanguage\":\"fr-FR\",\"@id\":\"https:\\\/\\\/www.bioconvertin.com\\\/?page_id=255#primaryimage\",\"url\":\"http:\\\/\\\/test.bioconvertin.com\\\/wp-content\\\/uploads\\\/2020\\\/09\\\/eauuse.png\",\"contentUrl\":\"http:\\\/\\\/test.bioconvertin.com\\\/wp-content\\\/uploads\\\/2020\\\/09\\\/eauuse.png\"},{\"@type\":\"BreadcrumbList\",\"@id\":\"https:\\\/\\\/www.bioconvertin.com\\\/?page_id=255#breadcrumb\",\"itemListElement\":[{\"@type\":\"ListItem\",\"position\":1,\"name\":\"Accueil\",\"item\":\"https:\\\/\\\/www.bioconvertin.com\\\/\"},{\"@type\":\"ListItem\",\"position\":2,\"name\":\"Solution\"}]},{\"@type\":\"WebSite\",\"@id\":\"https:\\\/\\\/www.bioconvertin.com\\\/#website\",\"url\":\"https:\\\/\\\/www.bioconvertin.com\\\/\",\"name\":\"Bioconvertin\",\"description\":\"Alternative qui am\u00e9liore la vie\",\"publisher\":{\"@id\":\"https:\\\/\\\/www.bioconvertin.com\\\/#organization\"},\"potentialAction\":[{\"@type\":\"SearchAction\",\"target\":{\"@type\":\"EntryPoint\",\"urlTemplate\":\"https:\\\/\\\/www.bioconvertin.com\\\/?s={search_term_string}\"},\"query-input\":{\"@type\":\"PropertyValueSpecification\",\"valueRequired\":true,\"valueName\":\"search_term_string\"}}],\"inLanguage\":\"fr-FR\"},{\"@type\":\"Organization\",\"@id\":\"https:\\\/\\\/www.bioconvertin.com\\\/#organization\",\"name\":\"Bioconvertin\",\"url\":\"https:\\\/\\\/www.bioconvertin.com\\\/\",\"logo\":{\"@type\":\"ImageObject\",\"inLanguage\":\"fr-FR\",\"@id\":\"https:\\\/\\\/www.bioconvertin.com\\\/#\\\/schema\\\/logo\\\/image\\\/\",\"url\":\"https:\\\/\\\/www.bioconvertin.com\\\/wp-content\\\/uploads\\\/2020\\\/11\\\/cropped-Favicon-removebg-preview.png\",\"contentUrl\":\"https:\\\/\\\/www.bioconvertin.com\\\/wp-content\\\/uploads\\\/2020\\\/11\\\/cropped-Favicon-removebg-preview.png\",\"width\":460,\"height\":542,\"caption\":\"Bioconvertin\"},\"image\":{\"@id\":\"https:\\\/\\\/www.bioconvertin.com\\\/#\\\/schema\\\/logo\\\/image\\\/\"}}]}<\/script>\n<!-- \/ Yoast SEO plugin. -->","yoast_head_json":{"title":"Solution - Bioconvertin","robots":{"index":"index","follow":"follow","max-snippet":"max-snippet:-1","max-image-preview":"max-image-preview:large","max-video-preview":"max-video-preview:-1"},"canonical":"https:\/\/www.bioconvertin.com\/?page_id=255","og_locale":"fr_FR","og_type":"article","og_title":"Solution - Bioconvertin","og_description":"Contexte Les r\u00e9sidus organiques sont en augmentation constante et ils sont peu recycl\u00e9s ce qui provoque des dommages environnementaux consid\u00e9rables. Ce probl\u00e8me est associ\u00e9 \u00e0 l&rsquo;accroissement exponentiel de la population humaine et aux habitudes de consommation qui favorisent la consommation de prot\u00e9ines animales. Ces r\u00e9sidus produisent une grande quantit\u00e9 de gaz \u00e0 effet de serre &hellip; Solution Lire la suite\u00a0\u00bb","og_url":"https:\/\/www.bioconvertin.com\/?page_id=255","og_site_name":"Bioconvertin","article_modified_time":"2022-04-03T19:31:10+00:00","og_image":[{"url":"http:\/\/test.bioconvertin.com\/wp-content\/uploads\/2020\/09\/eauuse.png","type":"","width":"","height":""}],"twitter_card":"summary_large_image","twitter_misc":{"Dur\u00e9e de lecture estim\u00e9e":"5 minutes"},"schema":{"@context":"https:\/\/schema.org","@graph":[{"@type":"WebPage","@id":"https:\/\/www.bioconvertin.com\/?page_id=255","url":"https:\/\/www.bioconvertin.com\/?page_id=255","name":"Solution - Bioconvertin","isPartOf":{"@id":"https:\/\/www.bioconvertin.com\/#website"},"primaryImageOfPage":{"@id":"https:\/\/www.bioconvertin.com\/?page_id=255#primaryimage"},"image":{"@id":"https:\/\/www.bioconvertin.com\/?page_id=255#primaryimage"},"thumbnailUrl":"http:\/\/test.bioconvertin.com\/wp-content\/uploads\/2020\/09\/eauuse.png","datePublished":"2020-11-22T13:51:53+00:00","dateModified":"2022-04-03T19:31:10+00:00","breadcrumb":{"@id":"https:\/\/www.bioconvertin.com\/?page_id=255#breadcrumb"},"inLanguage":"fr-FR","potentialAction":[{"@type":"ReadAction","target":["https:\/\/www.bioconvertin.com\/?page_id=255"]}]},{"@type":"ImageObject","inLanguage":"fr-FR","@id":"https:\/\/www.bioconvertin.com\/?page_id=255#primaryimage","url":"http:\/\/test.bioconvertin.com\/wp-content\/uploads\/2020\/09\/eauuse.png","contentUrl":"http:\/\/test.bioconvertin.com\/wp-content\/uploads\/2020\/09\/eauuse.png"},{"@type":"BreadcrumbList","@id":"https:\/\/www.bioconvertin.com\/?page_id=255#breadcrumb","itemListElement":[{"@type":"ListItem","position":1,"name":"Accueil","item":"https:\/\/www.bioconvertin.com\/"},{"@type":"ListItem","position":2,"name":"Solution"}]},{"@type":"WebSite","@id":"https:\/\/www.bioconvertin.com\/#website","url":"https:\/\/www.bioconvertin.com\/","name":"Bioconvertin","description":"Alternative qui am\u00e9liore la vie","publisher":{"@id":"https:\/\/www.bioconvertin.com\/#organization"},"potentialAction":[{"@type":"SearchAction","target":{"@type":"EntryPoint","urlTemplate":"https:\/\/www.bioconvertin.com\/?s={search_term_string}"},"query-input":{"@type":"PropertyValueSpecification","valueRequired":true,"valueName":"search_term_string"}}],"inLanguage":"fr-FR"},{"@type":"Organization","@id":"https:\/\/www.bioconvertin.com\/#organization","name":"Bioconvertin","url":"https:\/\/www.bioconvertin.com\/","logo":{"@type":"ImageObject","inLanguage":"fr-FR","@id":"https:\/\/www.bioconvertin.com\/#\/schema\/logo\/image\/","url":"https:\/\/www.bioconvertin.com\/wp-content\/uploads\/2020\/11\/cropped-Favicon-removebg-preview.png","contentUrl":"https:\/\/www.bioconvertin.com\/wp-content\/uploads\/2020\/11\/cropped-Favicon-removebg-preview.png","width":460,"height":542,"caption":"Bioconvertin"},"image":{"@id":"https:\/\/www.bioconvertin.com\/#\/schema\/logo\/image\/"}}]}},"_links":{"self":[{"href":"https:\/\/www.bioconvertin.com\/index.php?rest_route=\/wp\/v2\/pages\/255","targetHints":{"allow":["GET"]}}],"collection":[{"href":"https:\/\/www.bioconvertin.com\/index.php?rest_route=\/wp\/v2\/pages"}],"about":[{"href":"https:\/\/www.bioconvertin.com\/index.php?rest_route=\/wp\/v2\/types\/page"}],"author":[{"embeddable":true,"href":"https:\/\/www.bioconvertin.com\/index.php?rest_route=\/wp\/v2\/users\/1"}],"replies":[{"embeddable":true,"href":"https:\/\/www.bioconvertin.com\/index.php?rest_route=%2Fwp%2Fv2%2Fcomments&post=255"}],"version-history":[{"count":41,"href":"https:\/\/www.bioconvertin.com\/index.php?rest_route=\/wp\/v2\/pages\/255\/revisions"}],"predecessor-version":[{"id":483,"href":"https:\/\/www.bioconvertin.com\/index.php?rest_route=\/wp\/v2\/pages\/255\/revisions\/483"}],"wp:attachment":[{"href":"https:\/\/www.bioconvertin.com\/index.php?rest_route=%2Fwp%2Fv2%2Fmedia&parent=255"}],"curies":[{"name":"wp","href":"https:\/\/api.w.org\/{rel}","templated":true}]}}