{"id":436,"date":"2020-11-29T16:34:48","date_gmt":"2020-11-29T21:34:48","guid":{"rendered":"http:\/\/test.bioconvertin.com\/?page_id=436"},"modified":"2022-04-03T14:54:57","modified_gmt":"2022-04-03T19:54:57","slug":"la-empresa","status":"publish","type":"page","link":"https:\/\/www.bioconvertin.com\/?page_id=436","title":{"rendered":"La Empresa"},"content":{"rendered":"\n<h2 class=\"wp-block-heading\"><strong>Nuestro Equipo<\/strong><\/h2>\n\n\n\n<hr class=\"wp-block-separator is-style-wide\"\/>\n\n\n\n<div class=\"wp-block-columns is-layout-flex wp-container-core-columns-is-layout-9d6595d7 wp-block-columns-is-layout-flex\">\n<div class=\"wp-block-column is-layout-flow wp-block-column-is-layout-flow\" style=\"flex-basis:33.33%\">\n<div class=\"wp-block-image\"><figure class=\"aligncenter size-full\"><img loading=\"lazy\" decoding=\"async\" width=\"210\" height=\"235\" src=\"https:\/\/www.bioconvertin.com\/wp-content\/uploads\/2022\/04\/MS.png\" alt=\"\" class=\"wp-image-489\"\/><\/figure><\/div>\n<\/div>\n\n\n\n<div class=\"wp-block-column is-layout-flow wp-block-column-is-layout-flow\" style=\"flex-basis:66.66%\">\n<h3 class=\"wp-block-heading\">Ph.D. Michel Sauvain<\/h3>\n\n\n\n<p>Doctor en F\u00e1rmaco-Qu\u00edmica, especialista en qu\u00edmica de productos naturales, con 30 a\u00f1os de experiencia en la direcci\u00f3n de diversos equipos de investigaci\u00f3n y fundador de&nbsp;<strong>Bioconvertin<\/strong>, encargado de la direcci\u00f3n cient\u00edfica de la empresa.<\/p>\n<\/div>\n<\/div>\n\n\n\n<hr class=\"wp-block-separator is-style-wide\"\/>\n\n\n\n<div class=\"wp-block-columns is-layout-flex wp-container-core-columns-is-layout-9d6595d7 wp-block-columns-is-layout-flex\">\n<div class=\"wp-block-column is-layout-flow wp-block-column-is-layout-flow\" style=\"flex-basis:33.33%\">\n<div class=\"wp-block-image\"><figure class=\"aligncenter size-full\"><img loading=\"lazy\" decoding=\"async\" width=\"210\" height=\"235\" src=\"https:\/\/www.bioconvertin.com\/wp-content\/uploads\/2022\/04\/DC.jpg\" alt=\"\" class=\"wp-image-490\"\/><\/figure><\/div>\n<\/div>\n\n\n\n<div class=\"wp-block-column is-layout-flow wp-block-column-is-layout-flow\" style=\"flex-basis:66.66%\">\n<h2 class=\"wp-block-heading\">MSc. Denis Castillo Pareja<\/h2>\n\n\n\n<p>Magister en Bioqu\u00edmica y Biolog\u00eda Molecular. Gerente de&nbsp;<strong>Bioconvertin<\/strong>&nbsp;y supervisor del piloto de crianza del insecto a peque\u00f1a y media escala.<\/p>\n<\/div>\n<\/div>\n\n\n\n<hr class=\"wp-block-separator is-style-wide\"\/>\n\n\n\n<div class=\"wp-block-columns is-layout-flex wp-container-core-columns-is-layout-9d6595d7 wp-block-columns-is-layout-flex\">\n<div class=\"wp-block-column is-layout-flow wp-block-column-is-layout-flow\" style=\"flex-basis:33.33%\">\n<div class=\"wp-block-image\"><figure class=\"aligncenter size-full\"><img loading=\"lazy\" decoding=\"async\" width=\"210\" height=\"235\" src=\"https:\/\/www.bioconvertin.com\/wp-content\/uploads\/2022\/04\/YC.jpg\" alt=\"\" class=\"wp-image-491\"\/><\/figure><\/div>\n<\/div>\n\n\n\n<div class=\"wp-block-column is-layout-flow wp-block-column-is-layout-flow\" style=\"flex-basis:66.66%\">\n<h3 class=\"wp-block-heading\">MSc. Yesenia Correa V\u00e1squez<\/h3>\n\n\n\n<p>Bi\u00f3loga con especializaci\u00f3n en Microbiolog\u00eda y responsable del perfeccionamiento de crianza y control de los par\u00e1metros del ciclo biol\u00f3gico del insecto. Adem\u00e1s se encarga del manejo de las f\u00f3rmulas alimenticias suministradas a las larvas y la transformaci\u00f3n de desechos en condiciones piloto.<\/p>\n<\/div>\n<\/div>\n\n\n\n<hr class=\"wp-block-separator is-style-wide\"\/>\n\n\n\n<h3 class=\"wp-block-heading\"><strong>Bioconvertin en video<\/strong><\/h3>\n\n\n\n<div class=\"wp-block-columns is-layout-flex wp-container-core-columns-is-layout-9d6595d7 wp-block-columns-is-layout-flex\">\n<div class=\"wp-block-column is-layout-flow wp-block-column-is-layout-flow\">\n<p><\/p>\n\n\n\n<p class=\"has-text-align-center\"><strong>Pitch<\/strong><br>Presentaci\u00f3n de Bioconvertin<br>Duraci\u00f3n 1 minuto<br>Por&nbsp;Yesenia Correa<\/p>\n<\/div>\n\n\n\n<div class=\"wp-block-column is-layout-flow wp-block-column-is-layout-flow\">\n<figure class=\"wp-block-embed is-type-video is-provider-youtube wp-block-embed-youtube wp-embed-aspect-16-9 wp-has-aspect-ratio\"><div class=\"wp-block-embed__wrapper\">\n<div class=\"ast-oembed-container\"><iframe loading=\"lazy\" title=\"Video Pitch Bioconvertin por Yesenia\" width=\"500\" height=\"281\" src=\"https:\/\/www.youtube.com\/embed\/6AkFxToKagU?feature=oembed\" frameborder=\"0\" allow=\"accelerometer; autoplay; clipboard-write; encrypted-media; gyroscope; picture-in-picture; web-share\" referrerpolicy=\"strict-origin-when-cross-origin\" allowfullscreen><\/iframe><\/div>\n<\/div><\/figure>\n<\/div>\n<\/div>\n\n\n\n<hr class=\"wp-block-separator is-style-default\"\/>\n\n\n\n<div class=\"wp-block-columns is-layout-flex wp-container-core-columns-is-layout-9d6595d7 wp-block-columns-is-layout-flex\">\n<div class=\"wp-block-column is-layout-flow wp-block-column-is-layout-flow\">\n<p class=\"has-text-align-center\"><strong>Umbrales<\/strong><br>TV Per\u00fa en su programa UMBRALES del 17 de septiembre 2016 present\u00f3 el proyecto Bioconvertin&nbsp;que tiene como objetivo producir harina de larvas hecha a base de desechos org\u00e1nicos para la industria av\u00edcola y la acuicultura.<\/p>\n<\/div>\n\n\n\n<div class=\"wp-block-column is-layout-flow wp-block-column-is-layout-flow\">\n<figure class=\"wp-block-embed is-type-video is-provider-youtube wp-block-embed-youtube wp-embed-aspect-16-9 wp-has-aspect-ratio\"><div class=\"wp-block-embed__wrapper\">\n<div class=\"ast-oembed-container\"><iframe loading=\"lazy\" title=\"Bioconvertin - Una alternativa que mejora la vida\" width=\"500\" height=\"281\" src=\"https:\/\/www.youtube.com\/embed\/KE-gQlIW98k?feature=oembed\" frameborder=\"0\" allow=\"accelerometer; autoplay; clipboard-write; encrypted-media; gyroscope; picture-in-picture; web-share\" referrerpolicy=\"strict-origin-when-cross-origin\" allowfullscreen><\/iframe><\/div>\n<\/div><\/figure>\n<\/div>\n<\/div>\n\n\n\n<hr class=\"wp-block-separator is-style-wide\"\/>\n\n\n\n<div class=\"wp-block-columns is-layout-flex wp-container-core-columns-is-layout-9d6595d7 wp-block-columns-is-layout-flex\">\n<div class=\"wp-block-column is-layout-flow wp-block-column-is-layout-flow\">\n<h3 class=\"has-text-align-center wp-block-heading\"><strong>Socios<\/strong><\/h3>\n\n\n\n<div class=\"wp-block-columns is-layout-flex wp-container-core-columns-is-layout-9d6595d7 wp-block-columns-is-layout-flex\">\n<div class=\"wp-block-column is-layout-flow wp-block-column-is-layout-flow\">\n<figure class=\"wp-block-image size-large is-resized is-style-default\"><img loading=\"lazy\" decoding=\"async\" src=\"http:\/\/test.bioconvertin.com\/wp-content\/uploads\/2020\/09\/IRD-881x1024.png\" alt=\"\" class=\"wp-image-66\" width=\"156\" height=\"181\" srcset=\"https:\/\/www.bioconvertin.com\/wp-content\/uploads\/2020\/09\/IRD-881x1024.png 881w, https:\/\/www.bioconvertin.com\/wp-content\/uploads\/2020\/09\/IRD-258x300.png 258w, https:\/\/www.bioconvertin.com\/wp-content\/uploads\/2020\/09\/IRD-768x893.png 768w, https:\/\/www.bioconvertin.com\/wp-content\/uploads\/2020\/09\/IRD.png 993w\" sizes=\"auto, (max-width: 156px) 100vw, 156px\" \/><\/figure>\n<\/div>\n\n\n\n<div class=\"wp-block-column is-layout-flow wp-block-column-is-layout-flow\">\n<figure class=\"wp-block-image size-large is-resized is-style-default\"><img loading=\"lazy\" decoding=\"async\" src=\"http:\/\/test.bioconvertin.com\/wp-content\/uploads\/2020\/09\/UPCH-1024x325.png\" alt=\"\" class=\"wp-image-68\" width=\"280\" height=\"89\" srcset=\"https:\/\/www.bioconvertin.com\/wp-content\/uploads\/2020\/09\/UPCH-1024x325.png 1024w, https:\/\/www.bioconvertin.com\/wp-content\/uploads\/2020\/09\/UPCH-300x95.png 300w, https:\/\/www.bioconvertin.com\/wp-content\/uploads\/2020\/09\/UPCH-768x243.png 768w, https:\/\/www.bioconvertin.com\/wp-content\/uploads\/2020\/09\/UPCH.png 1391w\" sizes=\"auto, (max-width: 280px) 100vw, 280px\" \/><\/figure>\n<\/div>\n<\/div>\n\n\n\n<div class=\"wp-block-image is-style-default\"><figure class=\"aligncenter size-large is-resized\"><img loading=\"lazy\" decoding=\"async\" src=\"http:\/\/test.bioconvertin.com\/wp-content\/uploads\/2020\/09\/CITE.png\" alt=\"\" class=\"wp-image-63\" width=\"252\" height=\"82\" srcset=\"https:\/\/www.bioconvertin.com\/wp-content\/uploads\/2020\/09\/CITE.png 503w, https:\/\/www.bioconvertin.com\/wp-content\/uploads\/2020\/09\/CITE-300x97.png 300w\" sizes=\"auto, (max-width: 252px) 100vw, 252px\" \/><\/figure><\/div>\n<\/div>\n\n\n\n<div class=\"wp-block-column is-layout-flow wp-block-column-is-layout-flow\">\n<h3 class=\"has-text-align-center wp-block-heading\"><strong>Incubado por<\/strong><\/h3>\n\n\n\n<div class=\"wp-block-columns is-layout-flex wp-container-core-columns-is-layout-9d6595d7 wp-block-columns-is-layout-flex\">\n<div class=\"wp-block-column is-layout-flow wp-block-column-is-layout-flow\">\n<figure class=\"wp-block-image size-large is-resized is-style-default\"><img loading=\"lazy\" decoding=\"async\" src=\"http:\/\/test.bioconvertin.com\/wp-content\/uploads\/2020\/09\/Bio.png\" alt=\"\" class=\"wp-image-70\" width=\"150\" height=\"81\"\/><\/figure>\n<\/div>\n\n\n\n<div class=\"wp-block-column is-layout-flow wp-block-column-is-layout-flow\">\n<figure class=\"wp-block-image size-large is-style-default\"><img loading=\"lazy\" decoding=\"async\" width=\"738\" height=\"244\" src=\"http:\/\/test.bioconvertin.com\/wp-content\/uploads\/2020\/09\/Bond.jpg\" alt=\"\" class=\"wp-image-71\" srcset=\"https:\/\/www.bioconvertin.com\/wp-content\/uploads\/2020\/09\/Bond.jpg 738w, https:\/\/www.bioconvertin.com\/wp-content\/uploads\/2020\/09\/Bond-300x99.jpg 300w\" sizes=\"auto, (max-width: 738px) 100vw, 738px\" \/><\/figure>\n<\/div>\n<\/div>\n\n\n\n<p class=\"has-text-align-center\">\u200bGanadores de la&nbsp;<strong>TERCERA GENERACI\u00d3N<\/strong>&nbsp;de&nbsp;<strong>STARTUP PERU<\/strong>&nbsp;como&nbsp;<strong>EMPRENDEDORES INNOVADORES<\/strong><\/p>\n\n\n\n<div class=\"wp-block-image\"><figure class=\"aligncenter size-large is-resized\"><img loading=\"lazy\" decoding=\"async\" src=\"http:\/\/test.bioconvertin.com\/wp-content\/uploads\/2020\/09\/Inn.jpg\" alt=\"\" class=\"wp-image-65\" width=\"295\" height=\"141\" srcset=\"https:\/\/www.bioconvertin.com\/wp-content\/uploads\/2020\/09\/Inn.jpg 590w, https:\/\/www.bioconvertin.com\/wp-content\/uploads\/2020\/09\/Inn-300x143.jpg 300w\" sizes=\"auto, (max-width: 295px) 100vw, 295px\" \/><\/figure><\/div>\n<\/div>\n<\/div>\n","protected":false},"excerpt":{"rendered":"<p>Nuestro Equipo Ph.D. Michel Sauvain Doctor en F\u00e1rmaco-Qu\u00edmica, especialista en qu\u00edmica de productos naturales, con 30 a\u00f1os de experiencia en la direcci\u00f3n de diversos equipos de investigaci\u00f3n y fundador de&nbsp;Bioconvertin, encargado de la direcci\u00f3n cient\u00edfica de la empresa. MSc. Denis Castillo Pareja Magister en Bioqu\u00edmica y Biolog\u00eda Molecular. Gerente de&nbsp;Bioconvertin&nbsp;y supervisor del piloto de crianza &hellip;<\/p>\n<p class=\"read-more\"> <a class=\"\" href=\"https:\/\/www.bioconvertin.com\/?page_id=436\"> <span class=\"screen-reader-text\">La Empresa<\/span> Lire la suite\u00a0\u00bb<\/a><\/p>\n","protected":false},"author":1,"featured_media":0,"parent":0,"menu_order":0,"comment_status":"closed","ping_status":"closed","template":"","meta":{"site-sidebar-layout":"default","site-content-layout":"default","ast-main-header-display":"","ast-hfb-above-header-display":"","ast-hfb-below-header-display":"","ast-hfb-mobile-header-display":"","site-post-title":"","ast-breadcrumbs-content":"","ast-featured-img":"","footer-sml-layout":"","theme-transparent-header-meta":"default","adv-header-id-meta":"","stick-header-meta":"","header-above-stick-meta":"","header-main-stick-meta":"","header-below-stick-meta":"","footnotes":""},"class_list":["post-436","page","type-page","status-publish","hentry"],"yoast_head":"<!-- This site is optimized with the Yoast SEO plugin v27.5 - https:\/\/yoast.com\/product\/yoast-seo-wordpress\/ -->\n<title>La Empresa - Bioconvertin<\/title>\n<meta name=\"robots\" content=\"index, follow, max-snippet:-1, max-image-preview:large, max-video-preview:-1\" \/>\n<link rel=\"canonical\" href=\"https:\/\/www.bioconvertin.com\/?page_id=436\" \/>\n<meta property=\"og:locale\" content=\"fr_FR\" \/>\n<meta property=\"og:type\" content=\"article\" \/>\n<meta property=\"og:title\" content=\"La Empresa - Bioconvertin\" \/>\n<meta property=\"og:description\" content=\"Nuestro Equipo Ph.D. Michel Sauvain Doctor en F\u00e1rmaco-Qu\u00edmica, especialista en qu\u00edmica de productos naturales, con 30 a\u00f1os de experiencia en la direcci\u00f3n de diversos equipos de investigaci\u00f3n y fundador de&nbsp;Bioconvertin, encargado de la direcci\u00f3n cient\u00edfica de la empresa. MSc. Denis Castillo Pareja Magister en Bioqu\u00edmica y Biolog\u00eda Molecular. Gerente de&nbsp;Bioconvertin&nbsp;y supervisor del piloto de crianza &hellip; La Empresa Lire la suite\u00a0\u00bb\" \/>\n<meta property=\"og:url\" content=\"https:\/\/www.bioconvertin.com\/?page_id=436\" \/>\n<meta property=\"og:site_name\" content=\"Bioconvertin\" \/>\n<meta property=\"article:modified_time\" content=\"2022-04-03T19:54:57+00:00\" \/>\n<meta property=\"og:image\" content=\"https:\/\/www.bioconvertin.com\/wp-content\/uploads\/2022\/04\/MS.png\" \/>\n<meta name=\"twitter:card\" content=\"summary_large_image\" \/>\n<meta name=\"twitter:label1\" content=\"Dur\u00e9e de lecture estim\u00e9e\" \/>\n\t<meta name=\"twitter:data1\" content=\"3 minutes\" \/>\n<script type=\"application\/ld+json\" class=\"yoast-schema-graph\">{\"@context\":\"https:\\\/\\\/schema.org\",\"@graph\":[{\"@type\":\"WebPage\",\"@id\":\"https:\\\/\\\/www.bioconvertin.com\\\/?page_id=436\",\"url\":\"https:\\\/\\\/www.bioconvertin.com\\\/?page_id=436\",\"name\":\"La Empresa - Bioconvertin\",\"isPartOf\":{\"@id\":\"https:\\\/\\\/www.bioconvertin.com\\\/#website\"},\"primaryImageOfPage\":{\"@id\":\"https:\\\/\\\/www.bioconvertin.com\\\/?page_id=436#primaryimage\"},\"image\":{\"@id\":\"https:\\\/\\\/www.bioconvertin.com\\\/?page_id=436#primaryimage\"},\"thumbnailUrl\":\"https:\\\/\\\/www.bioconvertin.com\\\/wp-content\\\/uploads\\\/2022\\\/04\\\/MS.png\",\"datePublished\":\"2020-11-29T21:34:48+00:00\",\"dateModified\":\"2022-04-03T19:54:57+00:00\",\"breadcrumb\":{\"@id\":\"https:\\\/\\\/www.bioconvertin.com\\\/?page_id=436#breadcrumb\"},\"inLanguage\":\"fr-FR\",\"potentialAction\":[{\"@type\":\"ReadAction\",\"target\":[\"https:\\\/\\\/www.bioconvertin.com\\\/?page_id=436\"]}]},{\"@type\":\"ImageObject\",\"inLanguage\":\"fr-FR\",\"@id\":\"https:\\\/\\\/www.bioconvertin.com\\\/?page_id=436#primaryimage\",\"url\":\"https:\\\/\\\/www.bioconvertin.com\\\/wp-content\\\/uploads\\\/2022\\\/04\\\/MS.png\",\"contentUrl\":\"https:\\\/\\\/www.bioconvertin.com\\\/wp-content\\\/uploads\\\/2022\\\/04\\\/MS.png\",\"width\":210,\"height\":235},{\"@type\":\"BreadcrumbList\",\"@id\":\"https:\\\/\\\/www.bioconvertin.com\\\/?page_id=436#breadcrumb\",\"itemListElement\":[{\"@type\":\"ListItem\",\"position\":1,\"name\":\"Accueil\",\"item\":\"https:\\\/\\\/www.bioconvertin.com\\\/\"},{\"@type\":\"ListItem\",\"position\":2,\"name\":\"La Empresa\"}]},{\"@type\":\"WebSite\",\"@id\":\"https:\\\/\\\/www.bioconvertin.com\\\/#website\",\"url\":\"https:\\\/\\\/www.bioconvertin.com\\\/\",\"name\":\"Bioconvertin\",\"description\":\"Alternative qui am\u00e9liore la vie\",\"publisher\":{\"@id\":\"https:\\\/\\\/www.bioconvertin.com\\\/#organization\"},\"potentialAction\":[{\"@type\":\"SearchAction\",\"target\":{\"@type\":\"EntryPoint\",\"urlTemplate\":\"https:\\\/\\\/www.bioconvertin.com\\\/?s={search_term_string}\"},\"query-input\":{\"@type\":\"PropertyValueSpecification\",\"valueRequired\":true,\"valueName\":\"search_term_string\"}}],\"inLanguage\":\"fr-FR\"},{\"@type\":\"Organization\",\"@id\":\"https:\\\/\\\/www.bioconvertin.com\\\/#organization\",\"name\":\"Bioconvertin\",\"url\":\"https:\\\/\\\/www.bioconvertin.com\\\/\",\"logo\":{\"@type\":\"ImageObject\",\"inLanguage\":\"fr-FR\",\"@id\":\"https:\\\/\\\/www.bioconvertin.com\\\/#\\\/schema\\\/logo\\\/image\\\/\",\"url\":\"https:\\\/\\\/www.bioconvertin.com\\\/wp-content\\\/uploads\\\/2020\\\/11\\\/cropped-Favicon-removebg-preview.png\",\"contentUrl\":\"https:\\\/\\\/www.bioconvertin.com\\\/wp-content\\\/uploads\\\/2020\\\/11\\\/cropped-Favicon-removebg-preview.png\",\"width\":460,\"height\":542,\"caption\":\"Bioconvertin\"},\"image\":{\"@id\":\"https:\\\/\\\/www.bioconvertin.com\\\/#\\\/schema\\\/logo\\\/image\\\/\"}}]}<\/script>\n<!-- \/ Yoast SEO plugin. -->","yoast_head_json":{"title":"La Empresa - Bioconvertin","robots":{"index":"index","follow":"follow","max-snippet":"max-snippet:-1","max-image-preview":"max-image-preview:large","max-video-preview":"max-video-preview:-1"},"canonical":"https:\/\/www.bioconvertin.com\/?page_id=436","og_locale":"fr_FR","og_type":"article","og_title":"La Empresa - Bioconvertin","og_description":"Nuestro Equipo Ph.D. Michel Sauvain Doctor en F\u00e1rmaco-Qu\u00edmica, especialista en qu\u00edmica de productos naturales, con 30 a\u00f1os de experiencia en la direcci\u00f3n de diversos equipos de investigaci\u00f3n y fundador de&nbsp;Bioconvertin, encargado de la direcci\u00f3n cient\u00edfica de la empresa. MSc. Denis Castillo Pareja Magister en Bioqu\u00edmica y Biolog\u00eda Molecular. Gerente de&nbsp;Bioconvertin&nbsp;y supervisor del piloto de crianza &hellip; La Empresa Lire la suite\u00a0\u00bb","og_url":"https:\/\/www.bioconvertin.com\/?page_id=436","og_site_name":"Bioconvertin","article_modified_time":"2022-04-03T19:54:57+00:00","og_image":[{"url":"https:\/\/www.bioconvertin.com\/wp-content\/uploads\/2022\/04\/MS.png","type":"","width":"","height":""}],"twitter_card":"summary_large_image","twitter_misc":{"Dur\u00e9e de lecture estim\u00e9e":"3 minutes"},"schema":{"@context":"https:\/\/schema.org","@graph":[{"@type":"WebPage","@id":"https:\/\/www.bioconvertin.com\/?page_id=436","url":"https:\/\/www.bioconvertin.com\/?page_id=436","name":"La Empresa - Bioconvertin","isPartOf":{"@id":"https:\/\/www.bioconvertin.com\/#website"},"primaryImageOfPage":{"@id":"https:\/\/www.bioconvertin.com\/?page_id=436#primaryimage"},"image":{"@id":"https:\/\/www.bioconvertin.com\/?page_id=436#primaryimage"},"thumbnailUrl":"https:\/\/www.bioconvertin.com\/wp-content\/uploads\/2022\/04\/MS.png","datePublished":"2020-11-29T21:34:48+00:00","dateModified":"2022-04-03T19:54:57+00:00","breadcrumb":{"@id":"https:\/\/www.bioconvertin.com\/?page_id=436#breadcrumb"},"inLanguage":"fr-FR","potentialAction":[{"@type":"ReadAction","target":["https:\/\/www.bioconvertin.com\/?page_id=436"]}]},{"@type":"ImageObject","inLanguage":"fr-FR","@id":"https:\/\/www.bioconvertin.com\/?page_id=436#primaryimage","url":"https:\/\/www.bioconvertin.com\/wp-content\/uploads\/2022\/04\/MS.png","contentUrl":"https:\/\/www.bioconvertin.com\/wp-content\/uploads\/2022\/04\/MS.png","width":210,"height":235},{"@type":"BreadcrumbList","@id":"https:\/\/www.bioconvertin.com\/?page_id=436#breadcrumb","itemListElement":[{"@type":"ListItem","position":1,"name":"Accueil","item":"https:\/\/www.bioconvertin.com\/"},{"@type":"ListItem","position":2,"name":"La Empresa"}]},{"@type":"WebSite","@id":"https:\/\/www.bioconvertin.com\/#website","url":"https:\/\/www.bioconvertin.com\/","name":"Bioconvertin","description":"Alternative qui am\u00e9liore la vie","publisher":{"@id":"https:\/\/www.bioconvertin.com\/#organization"},"potentialAction":[{"@type":"SearchAction","target":{"@type":"EntryPoint","urlTemplate":"https:\/\/www.bioconvertin.com\/?s={search_term_string}"},"query-input":{"@type":"PropertyValueSpecification","valueRequired":true,"valueName":"search_term_string"}}],"inLanguage":"fr-FR"},{"@type":"Organization","@id":"https:\/\/www.bioconvertin.com\/#organization","name":"Bioconvertin","url":"https:\/\/www.bioconvertin.com\/","logo":{"@type":"ImageObject","inLanguage":"fr-FR","@id":"https:\/\/www.bioconvertin.com\/#\/schema\/logo\/image\/","url":"https:\/\/www.bioconvertin.com\/wp-content\/uploads\/2020\/11\/cropped-Favicon-removebg-preview.png","contentUrl":"https:\/\/www.bioconvertin.com\/wp-content\/uploads\/2020\/11\/cropped-Favicon-removebg-preview.png","width":460,"height":542,"caption":"Bioconvertin"},"image":{"@id":"https:\/\/www.bioconvertin.com\/#\/schema\/logo\/image\/"}}]}},"_links":{"self":[{"href":"https:\/\/www.bioconvertin.com\/index.php?rest_route=\/wp\/v2\/pages\/436","targetHints":{"allow":["GET"]}}],"collection":[{"href":"https:\/\/www.bioconvertin.com\/index.php?rest_route=\/wp\/v2\/pages"}],"about":[{"href":"https:\/\/www.bioconvertin.com\/index.php?rest_route=\/wp\/v2\/types\/page"}],"author":[{"embeddable":true,"href":"https:\/\/www.bioconvertin.com\/index.php?rest_route=\/wp\/v2\/users\/1"}],"replies":[{"embeddable":true,"href":"https:\/\/www.bioconvertin.com\/index.php?rest_route=%2Fwp%2Fv2%2Fcomments&post=436"}],"version-history":[{"count":7,"href":"https:\/\/www.bioconvertin.com\/index.php?rest_route=\/wp\/v2\/pages\/436\/revisions"}],"predecessor-version":[{"id":492,"href":"https:\/\/www.bioconvertin.com\/index.php?rest_route=\/wp\/v2\/pages\/436\/revisions\/492"}],"wp:attachment":[{"href":"https:\/\/www.bioconvertin.com\/index.php?rest_route=%2Fwp%2Fv2%2Fmedia&parent=436"}],"curies":[{"name":"wp","href":"https:\/\/api.w.org\/{rel}","templated":true}]}}