{"id":444,"date":"2020-11-29T16:44:15","date_gmt":"2020-11-29T21:44:15","guid":{"rendered":"http:\/\/test.bioconvertin.com\/?page_id=444"},"modified":"2022-04-03T14:48:28","modified_gmt":"2022-04-03T19:48:28","slug":"solucion","status":"publish","type":"page","link":"https:\/\/www.bioconvertin.com\/?page_id=444","title":{"rendered":"Soluci\u00f3n"},"content":{"rendered":"\n<div class=\"wp-block-columns is-layout-flex wp-container-core-columns-is-layout-9d6595d7 wp-block-columns-is-layout-flex\">\n<div class=\"wp-block-column is-layout-flow wp-block-column-is-layout-flow\" style=\"flex-basis:33.33%\">\n<figure class=\"wp-block-image alignwide size-full\"><img loading=\"lazy\" decoding=\"async\" width=\"374\" height=\"537\" src=\"http:\/\/test.bioconvertin.com\/wp-content\/uploads\/2020\/09\/eauuse.png\" alt=\"\" class=\"wp-image-83\" srcset=\"https:\/\/www.bioconvertin.com\/wp-content\/uploads\/2020\/09\/eauuse.png 374w, https:\/\/www.bioconvertin.com\/wp-content\/uploads\/2020\/09\/eauuse-209x300.png 209w\" sizes=\"auto, (max-width: 374px) 100vw, 374px\" \/><\/figure>\n<\/div>\n\n\n\n<div class=\"wp-block-column is-layout-flow wp-block-column-is-layout-flow\" style=\"flex-basis:66.66%\">\n<h3 class=\"wp-block-heading\"><strong>El Contexto<\/strong><\/h3>\n\n\n\n<p>Los residuos org\u00e1nicos est\u00e1n en constante aumento y son poco reciclados ocasionando da\u00f1os ambientales considerables. Este problema est\u00e1 asociado al incremento exponencial de la poblaci\u00f3n humana y a los h\u00e1bitos de consumo favoreciendo el consumo de prote\u00ednas animales. Dichos residuos generan gran cantidad de gases de efecto invernadero y lixiviados, los cuales contaminan suelos, agua y aire. Uno de los principales retos del siglo XXI es la b\u00fasqueda de una soluci\u00f3n para gesti\u00f3n sostenible de los residuos org\u00e1nicos, especialmente en ambientes urbanos y en el \u00e1mbito agroalimentario.<\/p>\n\n\n\n<p>El aumento de la producci\u00f3n animal para el consumo humano, ha generado un incremento exponencial en la producci\u00f3n de desechos org\u00e1nicos no reciclados. Analizando s\u00f3lo el mercado av\u00edcola peruano, se produce m\u00e1s de un mill\u00f3n de toneladas de residuos org\u00e1nicos&nbsp;mal reciclados y poco valorizados, que se deben aprovechar.<\/p>\n\n\n\n<p>Para asegurar el aumento previsto del 50% de las prote\u00ednas necesarias para abastecer el mercado de alimentos para animales de granja no se puede contar sobre las producciones actuales. En el caso de las harinas de soya, el principal problema es el deterioro de grandes territorios para su cultivo ; mientras que para la producci\u00f3n de harinas de pescado el inconveniente primordial es la escasez de la anchoveta por la sobreexplotaci\u00f3n del recurso marino.<\/p>\n<\/div>\n<\/div>\n\n\n\n<hr class=\"wp-block-separator is-style-default line-solution\"\/>\n\n\n\n<h3 class=\"wp-block-heading\"><strong>El Origen del proyecto<\/strong><\/h3>\n\n\n\n<p>\u200bEn el 2015, los socios del equipo Bioconvertin en asociaci\u00f3n con los laboratorios de la Universidad Peruana Cayetano Heredia&nbsp;&nbsp;y del Institut de Recherche pour le D\u00e9veloppement (IRD) de Francia tuvieron el deseo de convertir las investigaciones previas&nbsp;en una empresa que mejore la calidad de vida, que genere trabajo y que sea \u00fatil para la sociedad. Las industrias agropecuarias eliminan toneladas de desechos org\u00e1nicos que podr\u00edan ser utilizadas para convertirlas en productos de alto valor nutritivo y econ\u00f3mico utilizando larvas de insectos. Bioconvertin tiene como objetivo principal reciclar residuos org\u00e1nicos a trav\u00e9s de un proceso biotecnol\u00f3gico generando una harina basada en las larvas de estos insectos para substituir parcialmente el aporte proteico y lip\u00eddico de las harinas de soya y pescado utilizadas en la alimentaci\u00f3n de animales de granja y en la acuicultura.<\/p>\n\n\n\n<hr class=\"wp-block-separator has-text-color has-background is-style-default\" style=\"background-color:#bccabc;color:#bccabc\"\/>\n\n\n\n<div class=\"wp-block-columns is-layout-flex wp-container-core-columns-is-layout-9d6595d7 wp-block-columns-is-layout-flex\">\n<div class=\"wp-block-column is-layout-flow wp-block-column-is-layout-flow\" style=\"flex-basis:33.4%\">\n\n\n<figure class=\"wp-block-image size-full\"><img loading=\"lazy\" decoding=\"async\" width=\"1024\" height=\"907\" src=\"https:\/\/www.bioconvertin.com\/wp-content\/uploads\/2022\/04\/Cycle-1024x907-1.png\" alt=\"\" class=\"wp-image-484\" srcset=\"https:\/\/www.bioconvertin.com\/wp-content\/uploads\/2022\/04\/Cycle-1024x907-1.png 1024w, https:\/\/www.bioconvertin.com\/wp-content\/uploads\/2022\/04\/Cycle-1024x907-1-300x266.png 300w, https:\/\/www.bioconvertin.com\/wp-content\/uploads\/2022\/04\/Cycle-1024x907-1-768x680.png 768w\" sizes=\"auto, (max-width: 1024px) 100vw, 1024px\" \/><\/figure>\n<\/div>\n\n\n\n<div class=\"wp-block-column is-layout-flow wp-block-column-is-layout-flow\">\n<h3 class=\"wp-block-heading\"><strong>La Soluci\u00f3n<\/strong><\/h3>\n\n\n\n<p>Bioconvertin utiliza larvas de una mosca peruana con una alta productividad &#8211; en 14 d\u00edas la larva aumenta su peso hasta 5000 veces &#8211; y que tiene la capacidad de alimentarse de diferentes desechos org\u00e1nicos eliminados por las agro-industrias. Posteriormente estas larvas son convertidas en alimento para animales (harina de larva) que reemplazar\u00e1 gradualmente a las harinas de soya y pescado en la alimentaci\u00f3n de los animales de granja y en la acuicultura.<\/p>\n\n\n\n<p>Esta tecnolog\u00eda ha sido desarrollada por el Institut de Recherche pour le D\u00e9veloppement (IRD, Francia), cuya prueba de laboratorio se encuentra en las instalaciones de&nbsp;la Universidad Peruana Cayetano Heredia. Luego de 2 a\u00f1os de una intensa&nbsp;labor, se ha logrado&nbsp;obtener un piloto optimizado de la crianza de esta mosca que permitir\u00e1 alcanzar el objetivo final del proyecto: el escalamiento hacia una producci\u00f3n industrial de harina de larvas.<\/p>\n<\/div>\n<\/div>\n\n\n\n<hr class=\"wp-block-separator is-style-default\"\/>\n\n\n\n<div class=\"wp-block-columns is-layout-flex wp-container-core-columns-is-layout-9d6595d7 wp-block-columns-is-layout-flex\">\n<div class=\"wp-block-column is-layout-flow wp-block-column-is-layout-flow\">\n<h3 class=\"wp-block-heading\"><strong>Beneficios<\/strong><\/h3>\n\n\n\n<ul class=\"wp-block-list\"><li>Producci\u00f3n de una harina rica en prote\u00ednas, l\u00edpidos, sales minerales y probi\u00f3ticos.&nbsp;&nbsp;<\/li><li>Recicla desechos org\u00e1nicos consumiendo poco agua.<\/li><li>No genera contaminaci\u00f3n.<\/li><li>\u200bNo disminuye los recursos naturales.<\/li><\/ul>\n<\/div>\n\n\n\n<div class=\"wp-block-column is-layout-flow wp-block-column-is-layout-flow\">\n<div class=\"wp-block-image\"><figure class=\"aligncenter size-large is-resized\"><img loading=\"lazy\" decoding=\"async\" src=\"http:\/\/test.bioconvertin.com\/wp-content\/uploads\/2020\/11\/CycleRV2.png\" alt=\"\" class=\"wp-image-295\" width=\"600\" height=\"260\" style=\"align: center\" srcset=\"https:\/\/www.bioconvertin.com\/wp-content\/uploads\/2020\/11\/CycleRV2.png 774w, https:\/\/www.bioconvertin.com\/wp-content\/uploads\/2020\/11\/CycleRV2-300x131.png 300w, https:\/\/www.bioconvertin.com\/wp-content\/uploads\/2020\/11\/CycleRV2-768x334.png 768w\" sizes=\"auto, (max-width: 600px) 100vw, 600px\" \/><\/figure><\/div>\n<\/div>\n<\/div>\n\n\n\n<hr class=\"wp-block-separator is-style-default\"\/>\n\n\n\n<div class=\"wp-block-columns is-layout-flex wp-container-core-columns-is-layout-9d6595d7 wp-block-columns-is-layout-flex\">\n<div class=\"wp-block-column is-layout-flow wp-block-column-is-layout-flow\" style=\"flex-basis:40%\">\n<figure class=\"wp-block-image size-large is-resized\"><img loading=\"lazy\" decoding=\"async\" src=\"http:\/\/test.bioconvertin.com\/wp-content\/uploads\/2020\/11\/Verre.jpg\" alt=\"\" class=\"wp-image-307\" width=\"440\" height=\"499\" srcset=\"https:\/\/www.bioconvertin.com\/wp-content\/uploads\/2020\/11\/Verre.jpg 370w, https:\/\/www.bioconvertin.com\/wp-content\/uploads\/2020\/11\/Verre-264x300.jpg 264w\" sizes=\"auto, (max-width: 440px) 100vw, 440px\" \/><\/figure>\n<\/div>\n\n\n\n<div class=\"wp-block-column is-layout-flow wp-block-column-is-layout-flow\" style=\"flex-basis:66.66%\">\n<h4 class=\"wp-block-heading\"><strong>\u00bf Por qu\u00e9 utilizar insectos en la producci\u00f3n de harina ?<\/strong><\/h4>\n\n\n\n<ul class=\"wp-block-list\" id=\"Text5\"><li>Su corto ciclo biol\u00f3gico hace que la producci\u00f3n sea eficiente y viable.<\/li><li>Demuestra una gran capacidad de bioconversi\u00f3n de residuos org\u00e1nicos que son convertidos en una biomasa larval importante; contribuyendo en la disminuci\u00f3n de la contaminaci\u00f3n de restaurantes, mercados, supermercados y f\u00e1bricas agroindustriales.<\/li><li>El metabolismo de los insectos genera compuestos de alto valor con gran calidad nutricional que son equivalentes a las harinas de soja y pescado.<\/li><li>\u200bNuestra tecnolog\u00eda se integra perfectamente en el sistema de cr\u00eda de animales de granja.<\/li><li>No transmite enfermedades.<\/li><li>Son fuentes de microorganismos ben\u00e9ficos para los animales que la ingieren.<\/li><\/ul>\n<\/div>\n<\/div>\n\n\n\n<p><\/p>\n","protected":false},"excerpt":{"rendered":"<p>El Contexto Los residuos org\u00e1nicos est\u00e1n en constante aumento y son poco reciclados ocasionando da\u00f1os ambientales considerables. Este problema est\u00e1 asociado al incremento exponencial de la poblaci\u00f3n humana y a los h\u00e1bitos de consumo favoreciendo el consumo de prote\u00ednas animales. Dichos residuos generan gran cantidad de gases de efecto invernadero y lixiviados, los cuales contaminan &hellip;<\/p>\n<p class=\"read-more\"> <a class=\"\" href=\"https:\/\/www.bioconvertin.com\/?page_id=444\"> <span class=\"screen-reader-text\">Soluci\u00f3n<\/span> Lire la suite\u00a0\u00bb<\/a><\/p>\n","protected":false},"author":1,"featured_media":0,"parent":0,"menu_order":0,"comment_status":"closed","ping_status":"closed","template":"","meta":{"site-sidebar-layout":"default","site-content-layout":"default","ast-main-header-display":"","ast-hfb-above-header-display":"","ast-hfb-below-header-display":"","ast-hfb-mobile-header-display":"","site-post-title":"","ast-breadcrumbs-content":"","ast-featured-img":"","footer-sml-layout":"","theme-transparent-header-meta":"default","adv-header-id-meta":"","stick-header-meta":"","header-above-stick-meta":"","header-main-stick-meta":"","header-below-stick-meta":"","footnotes":""},"class_list":["post-444","page","type-page","status-publish","hentry"],"yoast_head":"<!-- This site is optimized with the Yoast SEO plugin v27.5 - https:\/\/yoast.com\/product\/yoast-seo-wordpress\/ -->\n<title>Soluci\u00f3n - Bioconvertin<\/title>\n<meta name=\"robots\" content=\"index, follow, max-snippet:-1, max-image-preview:large, max-video-preview:-1\" \/>\n<link rel=\"canonical\" href=\"https:\/\/www.bioconvertin.com\/?page_id=444\" \/>\n<meta property=\"og:locale\" content=\"fr_FR\" \/>\n<meta property=\"og:type\" content=\"article\" \/>\n<meta property=\"og:title\" content=\"Soluci\u00f3n - Bioconvertin\" \/>\n<meta property=\"og:description\" content=\"El Contexto Los residuos org\u00e1nicos est\u00e1n en constante aumento y son poco reciclados ocasionando da\u00f1os ambientales considerables. Este problema est\u00e1 asociado al incremento exponencial de la poblaci\u00f3n humana y a los h\u00e1bitos de consumo favoreciendo el consumo de prote\u00ednas animales. Dichos residuos generan gran cantidad de gases de efecto invernadero y lixiviados, los cuales contaminan &hellip; Soluci\u00f3n Lire la suite\u00a0\u00bb\" \/>\n<meta property=\"og:url\" content=\"https:\/\/www.bioconvertin.com\/?page_id=444\" \/>\n<meta property=\"og:site_name\" content=\"Bioconvertin\" \/>\n<meta property=\"article:modified_time\" content=\"2022-04-03T19:48:28+00:00\" \/>\n<meta property=\"og:image\" content=\"http:\/\/test.bioconvertin.com\/wp-content\/uploads\/2020\/09\/eauuse.png\" \/>\n<meta name=\"twitter:card\" content=\"summary_large_image\" \/>\n<meta name=\"twitter:label1\" content=\"Dur\u00e9e de lecture estim\u00e9e\" \/>\n\t<meta name=\"twitter:data1\" content=\"4 minutes\" \/>\n<script type=\"application\/ld+json\" class=\"yoast-schema-graph\">{\"@context\":\"https:\\\/\\\/schema.org\",\"@graph\":[{\"@type\":\"WebPage\",\"@id\":\"https:\\\/\\\/www.bioconvertin.com\\\/?page_id=444\",\"url\":\"https:\\\/\\\/www.bioconvertin.com\\\/?page_id=444\",\"name\":\"Soluci\u00f3n - Bioconvertin\",\"isPartOf\":{\"@id\":\"https:\\\/\\\/www.bioconvertin.com\\\/#website\"},\"primaryImageOfPage\":{\"@id\":\"https:\\\/\\\/www.bioconvertin.com\\\/?page_id=444#primaryimage\"},\"image\":{\"@id\":\"https:\\\/\\\/www.bioconvertin.com\\\/?page_id=444#primaryimage\"},\"thumbnailUrl\":\"http:\\\/\\\/test.bioconvertin.com\\\/wp-content\\\/uploads\\\/2020\\\/09\\\/eauuse.png\",\"datePublished\":\"2020-11-29T21:44:15+00:00\",\"dateModified\":\"2022-04-03T19:48:28+00:00\",\"breadcrumb\":{\"@id\":\"https:\\\/\\\/www.bioconvertin.com\\\/?page_id=444#breadcrumb\"},\"inLanguage\":\"fr-FR\",\"potentialAction\":[{\"@type\":\"ReadAction\",\"target\":[\"https:\\\/\\\/www.bioconvertin.com\\\/?page_id=444\"]}]},{\"@type\":\"ImageObject\",\"inLanguage\":\"fr-FR\",\"@id\":\"https:\\\/\\\/www.bioconvertin.com\\\/?page_id=444#primaryimage\",\"url\":\"http:\\\/\\\/test.bioconvertin.com\\\/wp-content\\\/uploads\\\/2020\\\/09\\\/eauuse.png\",\"contentUrl\":\"http:\\\/\\\/test.bioconvertin.com\\\/wp-content\\\/uploads\\\/2020\\\/09\\\/eauuse.png\"},{\"@type\":\"BreadcrumbList\",\"@id\":\"https:\\\/\\\/www.bioconvertin.com\\\/?page_id=444#breadcrumb\",\"itemListElement\":[{\"@type\":\"ListItem\",\"position\":1,\"name\":\"Accueil\",\"item\":\"https:\\\/\\\/www.bioconvertin.com\\\/\"},{\"@type\":\"ListItem\",\"position\":2,\"name\":\"Soluci\u00f3n\"}]},{\"@type\":\"WebSite\",\"@id\":\"https:\\\/\\\/www.bioconvertin.com\\\/#website\",\"url\":\"https:\\\/\\\/www.bioconvertin.com\\\/\",\"name\":\"Bioconvertin\",\"description\":\"Alternative qui am\u00e9liore la vie\",\"publisher\":{\"@id\":\"https:\\\/\\\/www.bioconvertin.com\\\/#organization\"},\"potentialAction\":[{\"@type\":\"SearchAction\",\"target\":{\"@type\":\"EntryPoint\",\"urlTemplate\":\"https:\\\/\\\/www.bioconvertin.com\\\/?s={search_term_string}\"},\"query-input\":{\"@type\":\"PropertyValueSpecification\",\"valueRequired\":true,\"valueName\":\"search_term_string\"}}],\"inLanguage\":\"fr-FR\"},{\"@type\":\"Organization\",\"@id\":\"https:\\\/\\\/www.bioconvertin.com\\\/#organization\",\"name\":\"Bioconvertin\",\"url\":\"https:\\\/\\\/www.bioconvertin.com\\\/\",\"logo\":{\"@type\":\"ImageObject\",\"inLanguage\":\"fr-FR\",\"@id\":\"https:\\\/\\\/www.bioconvertin.com\\\/#\\\/schema\\\/logo\\\/image\\\/\",\"url\":\"https:\\\/\\\/www.bioconvertin.com\\\/wp-content\\\/uploads\\\/2020\\\/11\\\/cropped-Favicon-removebg-preview.png\",\"contentUrl\":\"https:\\\/\\\/www.bioconvertin.com\\\/wp-content\\\/uploads\\\/2020\\\/11\\\/cropped-Favicon-removebg-preview.png\",\"width\":460,\"height\":542,\"caption\":\"Bioconvertin\"},\"image\":{\"@id\":\"https:\\\/\\\/www.bioconvertin.com\\\/#\\\/schema\\\/logo\\\/image\\\/\"}}]}<\/script>\n<!-- \/ Yoast SEO plugin. -->","yoast_head_json":{"title":"Soluci\u00f3n - Bioconvertin","robots":{"index":"index","follow":"follow","max-snippet":"max-snippet:-1","max-image-preview":"max-image-preview:large","max-video-preview":"max-video-preview:-1"},"canonical":"https:\/\/www.bioconvertin.com\/?page_id=444","og_locale":"fr_FR","og_type":"article","og_title":"Soluci\u00f3n - Bioconvertin","og_description":"El Contexto Los residuos org\u00e1nicos est\u00e1n en constante aumento y son poco reciclados ocasionando da\u00f1os ambientales considerables. Este problema est\u00e1 asociado al incremento exponencial de la poblaci\u00f3n humana y a los h\u00e1bitos de consumo favoreciendo el consumo de prote\u00ednas animales. Dichos residuos generan gran cantidad de gases de efecto invernadero y lixiviados, los cuales contaminan &hellip; Soluci\u00f3n Lire la suite\u00a0\u00bb","og_url":"https:\/\/www.bioconvertin.com\/?page_id=444","og_site_name":"Bioconvertin","article_modified_time":"2022-04-03T19:48:28+00:00","og_image":[{"url":"http:\/\/test.bioconvertin.com\/wp-content\/uploads\/2020\/09\/eauuse.png","type":"","width":"","height":""}],"twitter_card":"summary_large_image","twitter_misc":{"Dur\u00e9e de lecture estim\u00e9e":"4 minutes"},"schema":{"@context":"https:\/\/schema.org","@graph":[{"@type":"WebPage","@id":"https:\/\/www.bioconvertin.com\/?page_id=444","url":"https:\/\/www.bioconvertin.com\/?page_id=444","name":"Soluci\u00f3n - Bioconvertin","isPartOf":{"@id":"https:\/\/www.bioconvertin.com\/#website"},"primaryImageOfPage":{"@id":"https:\/\/www.bioconvertin.com\/?page_id=444#primaryimage"},"image":{"@id":"https:\/\/www.bioconvertin.com\/?page_id=444#primaryimage"},"thumbnailUrl":"http:\/\/test.bioconvertin.com\/wp-content\/uploads\/2020\/09\/eauuse.png","datePublished":"2020-11-29T21:44:15+00:00","dateModified":"2022-04-03T19:48:28+00:00","breadcrumb":{"@id":"https:\/\/www.bioconvertin.com\/?page_id=444#breadcrumb"},"inLanguage":"fr-FR","potentialAction":[{"@type":"ReadAction","target":["https:\/\/www.bioconvertin.com\/?page_id=444"]}]},{"@type":"ImageObject","inLanguage":"fr-FR","@id":"https:\/\/www.bioconvertin.com\/?page_id=444#primaryimage","url":"http:\/\/test.bioconvertin.com\/wp-content\/uploads\/2020\/09\/eauuse.png","contentUrl":"http:\/\/test.bioconvertin.com\/wp-content\/uploads\/2020\/09\/eauuse.png"},{"@type":"BreadcrumbList","@id":"https:\/\/www.bioconvertin.com\/?page_id=444#breadcrumb","itemListElement":[{"@type":"ListItem","position":1,"name":"Accueil","item":"https:\/\/www.bioconvertin.com\/"},{"@type":"ListItem","position":2,"name":"Soluci\u00f3n"}]},{"@type":"WebSite","@id":"https:\/\/www.bioconvertin.com\/#website","url":"https:\/\/www.bioconvertin.com\/","name":"Bioconvertin","description":"Alternative qui am\u00e9liore la vie","publisher":{"@id":"https:\/\/www.bioconvertin.com\/#organization"},"potentialAction":[{"@type":"SearchAction","target":{"@type":"EntryPoint","urlTemplate":"https:\/\/www.bioconvertin.com\/?s={search_term_string}"},"query-input":{"@type":"PropertyValueSpecification","valueRequired":true,"valueName":"search_term_string"}}],"inLanguage":"fr-FR"},{"@type":"Organization","@id":"https:\/\/www.bioconvertin.com\/#organization","name":"Bioconvertin","url":"https:\/\/www.bioconvertin.com\/","logo":{"@type":"ImageObject","inLanguage":"fr-FR","@id":"https:\/\/www.bioconvertin.com\/#\/schema\/logo\/image\/","url":"https:\/\/www.bioconvertin.com\/wp-content\/uploads\/2020\/11\/cropped-Favicon-removebg-preview.png","contentUrl":"https:\/\/www.bioconvertin.com\/wp-content\/uploads\/2020\/11\/cropped-Favicon-removebg-preview.png","width":460,"height":542,"caption":"Bioconvertin"},"image":{"@id":"https:\/\/www.bioconvertin.com\/#\/schema\/logo\/image\/"}}]}},"_links":{"self":[{"href":"https:\/\/www.bioconvertin.com\/index.php?rest_route=\/wp\/v2\/pages\/444","targetHints":{"allow":["GET"]}}],"collection":[{"href":"https:\/\/www.bioconvertin.com\/index.php?rest_route=\/wp\/v2\/pages"}],"about":[{"href":"https:\/\/www.bioconvertin.com\/index.php?rest_route=\/wp\/v2\/types\/page"}],"author":[{"embeddable":true,"href":"https:\/\/www.bioconvertin.com\/index.php?rest_route=\/wp\/v2\/users\/1"}],"replies":[{"embeddable":true,"href":"https:\/\/www.bioconvertin.com\/index.php?rest_route=%2Fwp%2Fv2%2Fcomments&post=444"}],"version-history":[{"count":2,"href":"https:\/\/www.bioconvertin.com\/index.php?rest_route=\/wp\/v2\/pages\/444\/revisions"}],"predecessor-version":[{"id":485,"href":"https:\/\/www.bioconvertin.com\/index.php?rest_route=\/wp\/v2\/pages\/444\/revisions\/485"}],"wp:attachment":[{"href":"https:\/\/www.bioconvertin.com\/index.php?rest_route=%2Fwp%2Fv2%2Fmedia&parent=444"}],"curies":[{"name":"wp","href":"https:\/\/api.w.org\/{rel}","templated":true}]}}