{"id":450,"date":"2020-11-29T16:50:49","date_gmt":"2020-11-29T21:50:49","guid":{"rendered":"http:\/\/test.bioconvertin.com\/?page_id=450"},"modified":"2020-11-29T16:54:42","modified_gmt":"2020-11-29T21:54:42","slug":"investigacion","status":"publish","type":"page","link":"https:\/\/www.bioconvertin.com\/?page_id=450","title":{"rendered":"Investigaci\u00f3n"},"content":{"rendered":"\n<div style=\"width: 100%;\"><div style=\"position: relative; padding-bottom: 56.25%; padding-top: 0; height: 0;\"><iframe loading=\"lazy\" frameborder=\"0\" width=\"1200\" height=\"675\" style=\"position: absolute; top: 0; left: 0; width: 100%; height: 100%;\" src=\"https:\/\/view.genial.ly\/5f5b420679626a0d7127c22a\" type=\"text\/html\" allowscriptaccess=\"always\" allowfullscreen=\"true\" scrolling=\"yes\" allownetworking=\"all\"><\/iframe> <\/div> <\/div>\n\n\n\n<hr class=\"wp-block-separator is-style-wide\"\/>\n\n\n\n<h3 class=\"wp-block-heading\"><strong>Art\u00edculos:<\/strong><\/h3>\n\n\n\n<div class=\"wp-block-columns is-layout-flex wp-container-core-columns-is-layout-9d6595d7 wp-block-columns-is-layout-flex\">\n<div class=\"wp-block-column articles-mise-enforme is-layout-flow wp-block-column-is-layout-flow\">\n<figure class=\"wp-block-image size-large is-style-default journal-insect\"><a href=\"https:\/\/academic.oup.com\/jinsectscience\/article\/19\/6\/17\/5670786\" target=\"_blank\" rel=\"noopener noreferrer\"><img decoding=\"async\" src=\"https:\/\/oup.silverchair-cdn.com\/data\/SiteBuilderAssets\/Live\/Images\/jinsectscience\/jinsectscience_title-909923914.svg\" alt=\"\"\/><\/a><\/figure>\n\n\n\n<h5 class=\"has-text-align-left titre-articles has-black-color has-text-color wp-block-heading\"><a href=\"https:\/\/academic.oup.com\/jinsectscience\/article\/19\/6\/17\/5670786\" target=\"_blank\" rel=\"noreferrer noopener\"><strong>Prospecting Peptides Isolated From Black Soldier Fly (Diptera: Stratiomyidae) With Antimicrobial Activity Against&nbsp;Helicobacter pylori&nbsp;(Campylobacterales: Helicobacteraceae)<\/strong><\/a><\/h5>\n\n\n\n<p class=\"has-vivid-cyan-blue-color has-text-color\"><em><a href=\"https:\/\/academic.oup.com\/jinsectscience\/article\/19\/6\/17\/5670786\" target=\"_blank\" rel=\"noreferrer noopener\">Daniela Alvarez,&nbsp;Kevin A Wilkinson,&nbsp;Michel Treilhou,&nbsp;Nathan T\u00e9n\u00e9,&nbsp;Denis Castillo,&nbsp;Michel Sauvain&nbsp;<\/a><\/em><\/p>\n<\/div>\n\n\n\n<div class=\"wp-block-column articles-mise-enforme is-layout-flow wp-block-column-is-layout-flow\">\n<div class=\"wp-block-image is-style-default article2\"><figure class=\"aligncenter size-full\"><a href=\"https:\/\/journals.plos.org\/plosone\/article?id=10.1371\/journal.pone.0218837\" target=\"_blank\" rel=\"noopener noreferrer\"><img loading=\"lazy\" decoding=\"async\" width=\"314\" height=\"60\" src=\"http:\/\/test.bioconvertin.com\/wp-content\/uploads\/2020\/11\/Article-1.png\" alt=\"\" class=\"wp-image-383\" srcset=\"https:\/\/www.bioconvertin.com\/wp-content\/uploads\/2020\/11\/Article-1.png 314w, https:\/\/www.bioconvertin.com\/wp-content\/uploads\/2020\/11\/Article-1-300x57.png 300w\" sizes=\"auto, (max-width: 314px) 100vw, 314px\" \/><\/a><\/figure><\/div>\n\n\n\n<h5 class=\"has-text-align-left titre-articles has-black-color has-text-color wp-block-heading\"><strong><a href=\"https:\/\/journals.plos.org\/plosone\/article?id=10.1371\/journal.pone.0218837\" target=\"_blank\" rel=\"noreferrer noopener\">Identification and characterization of compounds from&nbsp;<em>Chrysosporium multifidum<\/em>, a fungus with moderate antimicrobial activity isolated from&nbsp;<em>Hermetia illucens<\/em>&nbsp;gut microbiota<\/a><\/strong><\/h5>\n\n\n\n<p class=\"has-vivid-cyan-blue-color has-text-color\"><em><a href=\"https:\/\/journals.plos.org\/plosone\/article?id=10.1371\/journal.pone.0218837\" target=\"_blank\" rel=\"noreferrer noopener\">Yesenia Correa, Billy Cabanillas, Val\u00e9rie Jullian, Daniela \u00c1lvarez, Denis Castillo, C\u00e9dric Dufloer, Beatriz Bustamante, Elisa Roncal, Edgar Neyra, Patricia Sheen, Michel Sauvain<\/a><\/em><\/p>\n<\/div>\n\n\n\n<div class=\"wp-block-column is-layout-flow wp-block-column-is-layout-flow\"><div class=\" content_cards_card content_cards_domain_entomologytoday-org\">\n\t\t\t<div class=\"content_cards_image\">\n\t\t\t\t<a class=\"content_cards_image_link\" href=\"https:\/\/entomologytoday.org\/2020\/02\/05\/black-soldier-flies-show-potential-source-antimicrobial-compounds-bioprospecting\/\" target=\"_blank\">\n\t\t\t\t\t<img decoding=\"async\" src=\"https:\/\/i0.wp.com\/entomologytoday.org\/wp-content\/uploads\/2020\/02\/black-soldier-fly-Hermetia-illucens.jpeg?fit=1000%2C611\" alt=\"Black Soldier Flies Show Potential as Source of Antimicrobial Compounds\">\t\t\t\t<\/a>\n\t\t<\/div>\n\t\n\t<div class=\"content_cards_title\">\n\t\t<a class=\"content_cards_title_link\" href=\"https:\/\/entomologytoday.org\/2020\/02\/05\/black-soldier-flies-show-potential-source-antimicrobial-compounds-bioprospecting\/\" target=\"_blank\">\n\t\t\tBlack Soldier Flies Show Potential as Source of Antimicrobial Compounds\t\t<\/a>\n\t<\/div>\n\t<div class=\"content_cards_description\">\n\t\t<a class=\"content_cards_description_link\" href=\"https:\/\/entomologytoday.org\/2020\/02\/05\/black-soldier-flies-show-potential-source-antimicrobial-compounds-bioprospecting\/\" target=\"_blank\">\n\t\t\t<p>A study by researchers in Peru and France has isolated four peptides from larvae of the black soldier fly that display antibacterial properties.<\/p>\n\t\t<\/a>\n\t<\/div>\n\t<div class=\"content_cards_site_name\">\n\t\t<img decoding=\"async\" src=\"https:\/\/i0.wp.com\/entomologytoday.org\/wp-content\/uploads\/2023\/12\/cropped-et-circle-logo-square.png?fit=32%2C32&#038;ssl=1\" alt=\"Entomology Today\" class=\"content_cards_favicon\"\/>\t\tEntomology Today\t<\/div>\n<\/div>\n\n\n\n<p><\/p>\n<\/div>\n<\/div>\n\n\n\n<p><\/p>\n","protected":false},"excerpt":{"rendered":"<p>Art\u00edculos: Prospecting Peptides Isolated From Black Soldier Fly (Diptera: Stratiomyidae) With Antimicrobial Activity Against&nbsp;Helicobacter pylori&nbsp;(Campylobacterales: Helicobacteraceae) Daniela Alvarez,&nbsp;Kevin A Wilkinson,&nbsp;Michel Treilhou,&nbsp;Nathan T\u00e9n\u00e9,&nbsp;Denis Castillo,&nbsp;Michel Sauvain&nbsp; Identification and characterization of compounds from&nbsp;Chrysosporium multifidum, a fungus with moderate antimicrobial activity isolated from&nbsp;Hermetia illucens&nbsp;gut microbiota Yesenia Correa, Billy Cabanillas, Val\u00e9rie Jullian, Daniela \u00c1lvarez, Denis Castillo, C\u00e9dric Dufloer, Beatriz Bustamante, &hellip;<\/p>\n<p class=\"read-more\"> <a class=\"\" href=\"https:\/\/www.bioconvertin.com\/?page_id=450\"> <span class=\"screen-reader-text\">Investigaci\u00f3n<\/span> Lire la suite\u00a0\u00bb<\/a><\/p>\n","protected":false},"author":1,"featured_media":0,"parent":0,"menu_order":0,"comment_status":"closed","ping_status":"closed","template":"","meta":{"site-sidebar-layout":"default","site-content-layout":"default","ast-main-header-display":"","ast-hfb-above-header-display":"","ast-hfb-below-header-display":"","ast-hfb-mobile-header-display":"","site-post-title":"","ast-breadcrumbs-content":"","ast-featured-img":"","footer-sml-layout":"","theme-transparent-header-meta":"default","adv-header-id-meta":"","stick-header-meta":"","header-above-stick-meta":"","header-main-stick-meta":"","header-below-stick-meta":"","footnotes":""},"class_list":["post-450","page","type-page","status-publish","hentry"],"yoast_head":"<!-- This site is optimized with the Yoast SEO plugin v27.5 - https:\/\/yoast.com\/product\/yoast-seo-wordpress\/ -->\n<title>Investigaci\u00f3n - Bioconvertin<\/title>\n<meta name=\"robots\" content=\"index, follow, max-snippet:-1, max-image-preview:large, max-video-preview:-1\" \/>\n<link rel=\"canonical\" href=\"https:\/\/www.bioconvertin.com\/?page_id=450\" \/>\n<meta property=\"og:locale\" content=\"fr_FR\" \/>\n<meta property=\"og:type\" content=\"article\" \/>\n<meta property=\"og:title\" content=\"Investigaci\u00f3n - Bioconvertin\" \/>\n<meta property=\"og:description\" content=\"Art\u00edculos: Prospecting Peptides Isolated From Black Soldier Fly (Diptera: Stratiomyidae) With Antimicrobial Activity Against&nbsp;Helicobacter pylori&nbsp;(Campylobacterales: Helicobacteraceae) Daniela Alvarez,&nbsp;Kevin A Wilkinson,&nbsp;Michel Treilhou,&nbsp;Nathan T\u00e9n\u00e9,&nbsp;Denis Castillo,&nbsp;Michel Sauvain&nbsp; Identification and characterization of compounds from&nbsp;Chrysosporium multifidum, a fungus with moderate antimicrobial activity isolated from&nbsp;Hermetia illucens&nbsp;gut microbiota Yesenia Correa, Billy Cabanillas, Val\u00e9rie Jullian, Daniela \u00c1lvarez, Denis Castillo, C\u00e9dric Dufloer, Beatriz Bustamante, &hellip; Investigaci\u00f3n Lire la suite\u00a0\u00bb\" \/>\n<meta property=\"og:url\" content=\"https:\/\/www.bioconvertin.com\/?page_id=450\" \/>\n<meta property=\"og:site_name\" content=\"Bioconvertin\" \/>\n<meta property=\"article:modified_time\" content=\"2020-11-29T21:54:42+00:00\" \/>\n<meta property=\"og:image\" content=\"https:\/\/oup.silverchair-cdn.com\/data\/SiteBuilderAssets\/Live\/Images\/jinsectscience\/jinsectscience_title-909923914.svg\" \/>\n<meta name=\"twitter:card\" content=\"summary_large_image\" \/>\n<script type=\"application\/ld+json\" class=\"yoast-schema-graph\">{\"@context\":\"https:\\\/\\\/schema.org\",\"@graph\":[{\"@type\":\"WebPage\",\"@id\":\"https:\\\/\\\/www.bioconvertin.com\\\/?page_id=450\",\"url\":\"https:\\\/\\\/www.bioconvertin.com\\\/?page_id=450\",\"name\":\"Investigaci\u00f3n - Bioconvertin\",\"isPartOf\":{\"@id\":\"https:\\\/\\\/www.bioconvertin.com\\\/#website\"},\"primaryImageOfPage\":{\"@id\":\"https:\\\/\\\/www.bioconvertin.com\\\/?page_id=450#primaryimage\"},\"image\":{\"@id\":\"https:\\\/\\\/www.bioconvertin.com\\\/?page_id=450#primaryimage\"},\"thumbnailUrl\":\"https:\\\/\\\/oup.silverchair-cdn.com\\\/data\\\/SiteBuilderAssets\\\/Live\\\/Images\\\/jinsectscience\\\/jinsectscience_title-909923914.svg\",\"datePublished\":\"2020-11-29T21:50:49+00:00\",\"dateModified\":\"2020-11-29T21:54:42+00:00\",\"breadcrumb\":{\"@id\":\"https:\\\/\\\/www.bioconvertin.com\\\/?page_id=450#breadcrumb\"},\"inLanguage\":\"fr-FR\",\"potentialAction\":[{\"@type\":\"ReadAction\",\"target\":[\"https:\\\/\\\/www.bioconvertin.com\\\/?page_id=450\"]}]},{\"@type\":\"ImageObject\",\"inLanguage\":\"fr-FR\",\"@id\":\"https:\\\/\\\/www.bioconvertin.com\\\/?page_id=450#primaryimage\",\"url\":\"https:\\\/\\\/oup.silverchair-cdn.com\\\/data\\\/SiteBuilderAssets\\\/Live\\\/Images\\\/jinsectscience\\\/jinsectscience_title-909923914.svg\",\"contentUrl\":\"https:\\\/\\\/oup.silverchair-cdn.com\\\/data\\\/SiteBuilderAssets\\\/Live\\\/Images\\\/jinsectscience\\\/jinsectscience_title-909923914.svg\"},{\"@type\":\"BreadcrumbList\",\"@id\":\"https:\\\/\\\/www.bioconvertin.com\\\/?page_id=450#breadcrumb\",\"itemListElement\":[{\"@type\":\"ListItem\",\"position\":1,\"name\":\"Accueil\",\"item\":\"https:\\\/\\\/www.bioconvertin.com\\\/\"},{\"@type\":\"ListItem\",\"position\":2,\"name\":\"Investigaci\u00f3n\"}]},{\"@type\":\"WebSite\",\"@id\":\"https:\\\/\\\/www.bioconvertin.com\\\/#website\",\"url\":\"https:\\\/\\\/www.bioconvertin.com\\\/\",\"name\":\"Bioconvertin\",\"description\":\"Alternative qui am\u00e9liore la vie\",\"publisher\":{\"@id\":\"https:\\\/\\\/www.bioconvertin.com\\\/#organization\"},\"potentialAction\":[{\"@type\":\"SearchAction\",\"target\":{\"@type\":\"EntryPoint\",\"urlTemplate\":\"https:\\\/\\\/www.bioconvertin.com\\\/?s={search_term_string}\"},\"query-input\":{\"@type\":\"PropertyValueSpecification\",\"valueRequired\":true,\"valueName\":\"search_term_string\"}}],\"inLanguage\":\"fr-FR\"},{\"@type\":\"Organization\",\"@id\":\"https:\\\/\\\/www.bioconvertin.com\\\/#organization\",\"name\":\"Bioconvertin\",\"url\":\"https:\\\/\\\/www.bioconvertin.com\\\/\",\"logo\":{\"@type\":\"ImageObject\",\"inLanguage\":\"fr-FR\",\"@id\":\"https:\\\/\\\/www.bioconvertin.com\\\/#\\\/schema\\\/logo\\\/image\\\/\",\"url\":\"https:\\\/\\\/www.bioconvertin.com\\\/wp-content\\\/uploads\\\/2020\\\/11\\\/cropped-Favicon-removebg-preview.png\",\"contentUrl\":\"https:\\\/\\\/www.bioconvertin.com\\\/wp-content\\\/uploads\\\/2020\\\/11\\\/cropped-Favicon-removebg-preview.png\",\"width\":460,\"height\":542,\"caption\":\"Bioconvertin\"},\"image\":{\"@id\":\"https:\\\/\\\/www.bioconvertin.com\\\/#\\\/schema\\\/logo\\\/image\\\/\"}}]}<\/script>\n<!-- \/ Yoast SEO plugin. -->","yoast_head_json":{"title":"Investigaci\u00f3n - Bioconvertin","robots":{"index":"index","follow":"follow","max-snippet":"max-snippet:-1","max-image-preview":"max-image-preview:large","max-video-preview":"max-video-preview:-1"},"canonical":"https:\/\/www.bioconvertin.com\/?page_id=450","og_locale":"fr_FR","og_type":"article","og_title":"Investigaci\u00f3n - Bioconvertin","og_description":"Art\u00edculos: Prospecting Peptides Isolated From Black Soldier Fly (Diptera: Stratiomyidae) With Antimicrobial Activity Against&nbsp;Helicobacter pylori&nbsp;(Campylobacterales: Helicobacteraceae) Daniela Alvarez,&nbsp;Kevin A Wilkinson,&nbsp;Michel Treilhou,&nbsp;Nathan T\u00e9n\u00e9,&nbsp;Denis Castillo,&nbsp;Michel Sauvain&nbsp; Identification and characterization of compounds from&nbsp;Chrysosporium multifidum, a fungus with moderate antimicrobial activity isolated from&nbsp;Hermetia illucens&nbsp;gut microbiota Yesenia Correa, Billy Cabanillas, Val\u00e9rie Jullian, Daniela \u00c1lvarez, Denis Castillo, C\u00e9dric Dufloer, Beatriz Bustamante, &hellip; Investigaci\u00f3n Lire la suite\u00a0\u00bb","og_url":"https:\/\/www.bioconvertin.com\/?page_id=450","og_site_name":"Bioconvertin","article_modified_time":"2020-11-29T21:54:42+00:00","og_image":[{"url":"https:\/\/oup.silverchair-cdn.com\/data\/SiteBuilderAssets\/Live\/Images\/jinsectscience\/jinsectscience_title-909923914.svg","type":"","width":"","height":""}],"twitter_card":"summary_large_image","schema":{"@context":"https:\/\/schema.org","@graph":[{"@type":"WebPage","@id":"https:\/\/www.bioconvertin.com\/?page_id=450","url":"https:\/\/www.bioconvertin.com\/?page_id=450","name":"Investigaci\u00f3n - Bioconvertin","isPartOf":{"@id":"https:\/\/www.bioconvertin.com\/#website"},"primaryImageOfPage":{"@id":"https:\/\/www.bioconvertin.com\/?page_id=450#primaryimage"},"image":{"@id":"https:\/\/www.bioconvertin.com\/?page_id=450#primaryimage"},"thumbnailUrl":"https:\/\/oup.silverchair-cdn.com\/data\/SiteBuilderAssets\/Live\/Images\/jinsectscience\/jinsectscience_title-909923914.svg","datePublished":"2020-11-29T21:50:49+00:00","dateModified":"2020-11-29T21:54:42+00:00","breadcrumb":{"@id":"https:\/\/www.bioconvertin.com\/?page_id=450#breadcrumb"},"inLanguage":"fr-FR","potentialAction":[{"@type":"ReadAction","target":["https:\/\/www.bioconvertin.com\/?page_id=450"]}]},{"@type":"ImageObject","inLanguage":"fr-FR","@id":"https:\/\/www.bioconvertin.com\/?page_id=450#primaryimage","url":"https:\/\/oup.silverchair-cdn.com\/data\/SiteBuilderAssets\/Live\/Images\/jinsectscience\/jinsectscience_title-909923914.svg","contentUrl":"https:\/\/oup.silverchair-cdn.com\/data\/SiteBuilderAssets\/Live\/Images\/jinsectscience\/jinsectscience_title-909923914.svg"},{"@type":"BreadcrumbList","@id":"https:\/\/www.bioconvertin.com\/?page_id=450#breadcrumb","itemListElement":[{"@type":"ListItem","position":1,"name":"Accueil","item":"https:\/\/www.bioconvertin.com\/"},{"@type":"ListItem","position":2,"name":"Investigaci\u00f3n"}]},{"@type":"WebSite","@id":"https:\/\/www.bioconvertin.com\/#website","url":"https:\/\/www.bioconvertin.com\/","name":"Bioconvertin","description":"Alternative qui am\u00e9liore la vie","publisher":{"@id":"https:\/\/www.bioconvertin.com\/#organization"},"potentialAction":[{"@type":"SearchAction","target":{"@type":"EntryPoint","urlTemplate":"https:\/\/www.bioconvertin.com\/?s={search_term_string}"},"query-input":{"@type":"PropertyValueSpecification","valueRequired":true,"valueName":"search_term_string"}}],"inLanguage":"fr-FR"},{"@type":"Organization","@id":"https:\/\/www.bioconvertin.com\/#organization","name":"Bioconvertin","url":"https:\/\/www.bioconvertin.com\/","logo":{"@type":"ImageObject","inLanguage":"fr-FR","@id":"https:\/\/www.bioconvertin.com\/#\/schema\/logo\/image\/","url":"https:\/\/www.bioconvertin.com\/wp-content\/uploads\/2020\/11\/cropped-Favicon-removebg-preview.png","contentUrl":"https:\/\/www.bioconvertin.com\/wp-content\/uploads\/2020\/11\/cropped-Favicon-removebg-preview.png","width":460,"height":542,"caption":"Bioconvertin"},"image":{"@id":"https:\/\/www.bioconvertin.com\/#\/schema\/logo\/image\/"}}]}},"_links":{"self":[{"href":"https:\/\/www.bioconvertin.com\/index.php?rest_route=\/wp\/v2\/pages\/450","targetHints":{"allow":["GET"]}}],"collection":[{"href":"https:\/\/www.bioconvertin.com\/index.php?rest_route=\/wp\/v2\/pages"}],"about":[{"href":"https:\/\/www.bioconvertin.com\/index.php?rest_route=\/wp\/v2\/types\/page"}],"author":[{"embeddable":true,"href":"https:\/\/www.bioconvertin.com\/index.php?rest_route=\/wp\/v2\/users\/1"}],"replies":[{"embeddable":true,"href":"https:\/\/www.bioconvertin.com\/index.php?rest_route=%2Fwp%2Fv2%2Fcomments&post=450"}],"version-history":[{"count":2,"href":"https:\/\/www.bioconvertin.com\/index.php?rest_route=\/wp\/v2\/pages\/450\/revisions"}],"predecessor-version":[{"id":452,"href":"https:\/\/www.bioconvertin.com\/index.php?rest_route=\/wp\/v2\/pages\/450\/revisions\/452"}],"wp:attachment":[{"href":"https:\/\/www.bioconvertin.com\/index.php?rest_route=%2Fwp%2Fv2%2Fmedia&parent=450"}],"curies":[{"name":"wp","href":"https:\/\/api.w.org\/{rel}","templated":true}]}}